{"id":634,"date":"2019-08-31T10:27:09","date_gmt":"2019-08-31T10:27:09","guid":{"rendered":"http:\/\/frings.com\/?page_id=634"},"modified":"2022-10-24T22:38:03","modified_gmt":"2022-10-24T22:38:03","slug":"634-2","status":"publish","type":"page","link":"https:\/\/frings.com\/fr\/","title":{"rendered":""},"content":{"rendered":"<h1>Un bref aper\u00e7u de Frings<\/h1>\n<p>Frings est une entreprise allemande disposant de ses propres services d&rsquo;ing\u00e9nierie, de fabrication et de laboratoire. Elle fournit des fermenteurs, \u00e9galement appel\u00e9s bior\u00e9acteurs, des filtres et d&rsquo;autres \u00e9quipements pour la technologie des bioproc\u00e9d\u00e9s. Des installations de laboratoire, des installations pilotes et des installations \u00e0 l&rsquo;\u00e9chelle de production sont d\u00e9velopp\u00e9es et commercialis\u00e9es. Pour la production de vinaigre, Frings construit des fermenteurs de vinaigre de type Acetator et, pour la filtration du vinaigre, des installations bas\u00e9es sur le principe de la filtration \u00e0 flux crois\u00e9. Les technologies de base de ces syst\u00e8mes comprennent des a\u00e9rateurs \u00e0 haute performance avec un transfert de masse gaz-liquide \u00e9lev\u00e9 pour une fermentation rapide du vinaigre et une technologie d&rsquo;automatisation avec une sonde d&rsquo;alcool de type Alkosens. Comme toutes les usines alimentaires Frings, les installations de fermentation de l&rsquo;\u00e9thanol en vinaigre sont \u00e0 la pointe de la technologie en mati\u00e8re d&rsquo;ing\u00e9nierie des bioproc\u00e9d\u00e9s et d&rsquo;automatisation. <\/p>\n<p>Frings fournit \u00e9galement des installations sp\u00e9cifiques aux clients pour la fermentation de levures, les boissons ferment\u00e9es et la fermentation d&rsquo;additifs alimentaires. <\/p>\n<p>Dans le domaine de la biotechnologie, Frings fournit des technologies de bioproc\u00e9d\u00e9s de pointe pour des processus innovants et aide \u00e9galement ses clients \u00e0 passer du laboratoire \u00e0 la production industrielle (scale-up). Dans ce domaine, la construction d&rsquo;installations st\u00e9riles, la technique de m\u00e9lange et de gazage dans le r\u00e9acteur agit\u00e9, les syst\u00e8mes de m\u00e9dias, la filtration avec des syst\u00e8mes de filtres \u00e0 membrane ainsi que les syst\u00e8mes sp\u00e9ciaux dans la construction d&rsquo;installations sp\u00e9ciales sont nos comp\u00e9tences cl\u00e9s. <\/p>\n","protected":false},"excerpt":{"rendered":"<p>Un bref aper\u00e7u de Frings Frings est une entreprise allemande disposant de ses propres services d&rsquo;ing\u00e9nierie, de fabrication et de laboratoire. Elle fournit des fermenteurs, \u00e9galement appel\u00e9s bior\u00e9acteurs, des filtres et d&rsquo;autres \u00e9quipements pour la technologie des bioproc\u00e9d\u00e9s. Des installations de laboratoire, des installations pilotes et des installations \u00e0 l&rsquo;\u00e9chelle de production sont d\u00e9velopp\u00e9es et [&hellip;]<\/p>\n","protected":false},"author":1,"featured_media":0,"parent":0,"menu_order":0,"comment_status":"closed","ping_status":"closed","template":"front-page.php","meta":{"_acf_changed":false,"footnotes":""},"branchen":[],"class_list":["post-634","page","type-page","status-publish","hentry","wpautop"],"acf":[],"yoast_head":"<!-- This site is optimized with the Yoast SEO Premium plugin v26.0 (Yoast SEO v27.3) - https:\/\/yoast.com\/product\/yoast-seo-premium-wordpress\/ -->\n<title>Un bref aper\u00e7u de Frings<\/title>\n<meta name=\"description\" content=\"Frings est une entreprise allemande disposant de ses propres services d&#039;ing\u00e9nierie, de fabrication et de laboratoire.\" \/>\n<meta name=\"robots\" content=\"index, follow, max-snippet:-1, max-image-preview:large, max-video-preview:-1\" \/>\n<link rel=\"canonical\" href=\"https:\/\/frings.com\/fr\/\" \/>\n<meta property=\"og:locale\" content=\"fr_FR\" \/>\n<meta property=\"og:type\" content=\"article\" \/>\n<meta property=\"og:description\" content=\"Frings est une entreprise allemande disposant de ses propres services d&#039;ing\u00e9nierie, de fabrication et de laboratoire.\" \/>\n<meta property=\"og:url\" content=\"https:\/\/frings.com\/fr\/\" \/>\n<meta property=\"og:site_name\" content=\"frings\" \/>\n<meta property=\"article:modified_time\" content=\"2022-10-24T22:38:03+00:00\" \/>\n<meta name=\"twitter:card\" content=\"summary_large_image\" \/>\n<meta name=\"twitter:label1\" content=\"Dur\u00e9e de lecture estim\u00e9e\" \/>\n\t<meta name=\"twitter:data1\" content=\"2 minutes\" \/>\n<script type=\"application\/ld+json\" class=\"yoast-schema-graph\">{\"@context\":\"https:\\\/\\\/schema.org\",\"@graph\":[{\"@type\":\"WebPage\",\"@id\":\"https:\\\/\\\/frings.com\\\/fr\\\/\",\"url\":\"https:\\\/\\\/frings.com\\\/fr\\\/\",\"name\":\"Un bref aper\u00e7u de Frings\",\"isPartOf\":{\"@id\":\"https:\\\/\\\/frings.com\\\/#website\"},\"datePublished\":\"2019-08-31T10:27:09+00:00\",\"dateModified\":\"2022-10-24T22:38:03+00:00\",\"description\":\"Frings est une entreprise allemande disposant de ses propres services d'ing\u00e9nierie, de fabrication et de laboratoire.\",\"inLanguage\":\"fr-FR\",\"potentialAction\":[{\"@type\":\"ReadAction\",\"target\":[\"https:\\\/\\\/frings.com\\\/fr\\\/\"]}]},{\"@type\":\"WebSite\",\"@id\":\"https:\\\/\\\/frings.com\\\/#website\",\"url\":\"https:\\\/\\\/frings.com\\\/\",\"name\":\"frings\",\"description\":\"Massarbeit made in Germany\",\"publisher\":{\"@id\":\"https:\\\/\\\/frings.com\\\/#organization\"},\"potentialAction\":[{\"@type\":\"SearchAction\",\"target\":{\"@type\":\"EntryPoint\",\"urlTemplate\":\"https:\\\/\\\/frings.com\\\/?s={search_term_string}\"},\"query-input\":{\"@type\":\"PropertyValueSpecification\",\"valueRequired\":true,\"valueName\":\"search_term_string\"}}],\"inLanguage\":\"fr-FR\"},{\"@type\":\"Organization\",\"@id\":\"https:\\\/\\\/frings.com\\\/#organization\",\"name\":\"Frings\",\"url\":\"https:\\\/\\\/frings.com\\\/\",\"logo\":{\"@type\":\"ImageObject\",\"inLanguage\":\"fr-FR\",\"@id\":\"https:\\\/\\\/frings.com\\\/#\\\/schema\\\/logo\\\/image\\\/\",\"url\":\"https:\\\/\\\/frings.com\\\/wp-content\\\/uploads\\\/2019\\\/08\\\/logo.png\",\"contentUrl\":\"https:\\\/\\\/frings.com\\\/wp-content\\\/uploads\\\/2019\\\/08\\\/logo.png\",\"width\":80,\"height\":80,\"caption\":\"Frings\"},\"image\":{\"@id\":\"https:\\\/\\\/frings.com\\\/#\\\/schema\\\/logo\\\/image\\\/\"}}]}<\/script>\n<!-- \/ Yoast SEO Premium plugin. -->","yoast_head_json":{"title":"Un bref aper\u00e7u de Frings","description":"Frings est une entreprise allemande disposant de ses propres services d'ing\u00e9nierie, de fabrication et de laboratoire.","robots":{"index":"index","follow":"follow","max-snippet":"max-snippet:-1","max-image-preview":"max-image-preview:large","max-video-preview":"max-video-preview:-1"},"canonical":"https:\/\/frings.com\/fr\/","og_locale":"fr_FR","og_type":"article","og_description":"Frings est une entreprise allemande disposant de ses propres services d'ing\u00e9nierie, de fabrication et de laboratoire.","og_url":"https:\/\/frings.com\/fr\/","og_site_name":"frings","article_modified_time":"2022-10-24T22:38:03+00:00","twitter_card":"summary_large_image","twitter_misc":{"Dur\u00e9e de lecture estim\u00e9e":"2 minutes"},"schema":{"@context":"https:\/\/schema.org","@graph":[{"@type":"WebPage","@id":"https:\/\/frings.com\/fr\/","url":"https:\/\/frings.com\/fr\/","name":"Un bref aper\u00e7u de Frings","isPartOf":{"@id":"https:\/\/frings.com\/#website"},"datePublished":"2019-08-31T10:27:09+00:00","dateModified":"2022-10-24T22:38:03+00:00","description":"Frings est une entreprise allemande disposant de ses propres services d'ing\u00e9nierie, de fabrication et de laboratoire.","inLanguage":"fr-FR","potentialAction":[{"@type":"ReadAction","target":["https:\/\/frings.com\/fr\/"]}]},{"@type":"WebSite","@id":"https:\/\/frings.com\/#website","url":"https:\/\/frings.com\/","name":"frings","description":"Massarbeit made in Germany","publisher":{"@id":"https:\/\/frings.com\/#organization"},"potentialAction":[{"@type":"SearchAction","target":{"@type":"EntryPoint","urlTemplate":"https:\/\/frings.com\/?s={search_term_string}"},"query-input":{"@type":"PropertyValueSpecification","valueRequired":true,"valueName":"search_term_string"}}],"inLanguage":"fr-FR"},{"@type":"Organization","@id":"https:\/\/frings.com\/#organization","name":"Frings","url":"https:\/\/frings.com\/","logo":{"@type":"ImageObject","inLanguage":"fr-FR","@id":"https:\/\/frings.com\/#\/schema\/logo\/image\/","url":"https:\/\/frings.com\/wp-content\/uploads\/2019\/08\/logo.png","contentUrl":"https:\/\/frings.com\/wp-content\/uploads\/2019\/08\/logo.png","width":80,"height":80,"caption":"Frings"},"image":{"@id":"https:\/\/frings.com\/#\/schema\/logo\/image\/"}}]}},"_links":{"self":[{"href":"https:\/\/frings.com\/fr\/wp-json\/wp\/v2\/pages\/634","targetHints":{"allow":["GET"]}}],"collection":[{"href":"https:\/\/frings.com\/fr\/wp-json\/wp\/v2\/pages"}],"about":[{"href":"https:\/\/frings.com\/fr\/wp-json\/wp\/v2\/types\/page"}],"author":[{"embeddable":true,"href":"https:\/\/frings.com\/fr\/wp-json\/wp\/v2\/users\/1"}],"replies":[{"embeddable":true,"href":"https:\/\/frings.com\/fr\/wp-json\/wp\/v2\/comments?post=634"}],"version-history":[{"count":4,"href":"https:\/\/frings.com\/fr\/wp-json\/wp\/v2\/pages\/634\/revisions"}],"predecessor-version":[{"id":8065,"href":"https:\/\/frings.com\/fr\/wp-json\/wp\/v2\/pages\/634\/revisions\/8065"}],"wp:attachment":[{"href":"https:\/\/frings.com\/fr\/wp-json\/wp\/v2\/media?parent=634"}],"wp:term":[{"taxonomy":"branchen","embeddable":true,"href":"https:\/\/frings.com\/fr\/wp-json\/wp\/v2\/branchen?post=634"}],"curies":[{"name":"wp","href":"https:\/\/api.w.org\/{rel}","templated":true}]}}