{"id":5908,"date":"2020-03-03T18:15:51","date_gmt":"2020-03-03T18:15:51","guid":{"rendered":"http:\/\/frings.com\/kontakt\/"},"modified":"2022-09-19T17:07:08","modified_gmt":"2022-09-19T17:07:08","slug":"kontakt","status":"publish","type":"page","link":"https:\/\/frings.com\/fr\/kontakt\/","title":{"rendered":"Contact"},"content":{"rendered":"","protected":false},"excerpt":{"rendered":"","protected":false},"author":1,"featured_media":0,"parent":0,"menu_order":37,"comment_status":"closed","ping_status":"closed","template":"page_kontakt.php","meta":{"_acf_changed":false,"footnotes":""},"branchen":[],"class_list":["post-5908","page","type-page","status-publish","hentry","wpautop"],"acf":[],"yoast_head":"<!-- This site is optimized with the Yoast SEO Premium plugin v26.0 (Yoast SEO v27.3) - https:\/\/yoast.com\/product\/yoast-seo-premium-wordpress\/ -->\n<title>FRINGS Contact et FRINGS International<\/title>\n<meta name=\"description\" content=\"L&#039;exportation de machines et d&#039;\u00e9quipements est une partie importante de notre activit\u00e9. Connaissance des march\u00e9s locaux et opportunit\u00e9s de...\" \/>\n<meta name=\"robots\" content=\"index, follow, max-snippet:-1, max-image-preview:large, max-video-preview:-1\" \/>\n<link rel=\"canonical\" href=\"https:\/\/frings.com\/fr\/kontakt\/\" \/>\n<meta property=\"og:locale\" content=\"fr_FR\" \/>\n<meta property=\"og:type\" content=\"article\" \/>\n<meta property=\"og:title\" content=\"Contact\" \/>\n<meta property=\"og:description\" content=\"L&#039;exportation de machines et d&#039;\u00e9quipements est une partie importante de notre activit\u00e9. Connaissance des march\u00e9s locaux et opportunit\u00e9s de...\" \/>\n<meta property=\"og:url\" content=\"https:\/\/frings.com\/fr\/kontakt\/\" \/>\n<meta property=\"og:site_name\" content=\"frings\" \/>\n<meta property=\"article:modified_time\" content=\"2022-09-19T17:07:08+00:00\" \/>\n<meta name=\"twitter:card\" content=\"summary_large_image\" \/>\n<script type=\"application\/ld+json\" class=\"yoast-schema-graph\">{\"@context\":\"https:\\\/\\\/schema.org\",\"@graph\":[{\"@type\":\"WebPage\",\"@id\":\"https:\\\/\\\/frings.com\\\/fr\\\/kontakt\\\/\",\"url\":\"https:\\\/\\\/frings.com\\\/fr\\\/kontakt\\\/\",\"name\":\"FRINGS Contact et FRINGS International\",\"isPartOf\":{\"@id\":\"https:\\\/\\\/frings.com\\\/#website\"},\"datePublished\":\"2020-03-03T18:15:51+00:00\",\"dateModified\":\"2022-09-19T17:07:08+00:00\",\"description\":\"L'exportation de machines et d'\u00e9quipements est une partie importante de notre activit\u00e9. Connaissance des march\u00e9s locaux et opportunit\u00e9s de...\",\"breadcrumb\":{\"@id\":\"https:\\\/\\\/frings.com\\\/fr\\\/kontakt\\\/#breadcrumb\"},\"inLanguage\":\"fr-FR\",\"potentialAction\":[{\"@type\":\"ReadAction\",\"target\":[\"https:\\\/\\\/frings.com\\\/fr\\\/kontakt\\\/\"]}]},{\"@type\":\"BreadcrumbList\",\"@id\":\"https:\\\/\\\/frings.com\\\/fr\\\/kontakt\\\/#breadcrumb\",\"itemListElement\":[{\"@type\":\"ListItem\",\"position\":1,\"name\":\"Startseite\",\"item\":\"https:\\\/\\\/frings.com\\\/fr\\\/\"},{\"@type\":\"ListItem\",\"position\":2,\"name\":\"Contact\"}]},{\"@type\":\"WebSite\",\"@id\":\"https:\\\/\\\/frings.com\\\/#website\",\"url\":\"https:\\\/\\\/frings.com\\\/\",\"name\":\"frings\",\"description\":\"Massarbeit made in Germany\",\"publisher\":{\"@id\":\"https:\\\/\\\/frings.com\\\/#organization\"},\"potentialAction\":[{\"@type\":\"SearchAction\",\"target\":{\"@type\":\"EntryPoint\",\"urlTemplate\":\"https:\\\/\\\/frings.com\\\/?s={search_term_string}\"},\"query-input\":{\"@type\":\"PropertyValueSpecification\",\"valueRequired\":true,\"valueName\":\"search_term_string\"}}],\"inLanguage\":\"fr-FR\"},{\"@type\":\"Organization\",\"@id\":\"https:\\\/\\\/frings.com\\\/#organization\",\"name\":\"Frings\",\"url\":\"https:\\\/\\\/frings.com\\\/\",\"logo\":{\"@type\":\"ImageObject\",\"inLanguage\":\"fr-FR\",\"@id\":\"https:\\\/\\\/frings.com\\\/#\\\/schema\\\/logo\\\/image\\\/\",\"url\":\"https:\\\/\\\/frings.com\\\/wp-content\\\/uploads\\\/2019\\\/08\\\/logo.png\",\"contentUrl\":\"https:\\\/\\\/frings.com\\\/wp-content\\\/uploads\\\/2019\\\/08\\\/logo.png\",\"width\":80,\"height\":80,\"caption\":\"Frings\"},\"image\":{\"@id\":\"https:\\\/\\\/frings.com\\\/#\\\/schema\\\/logo\\\/image\\\/\"}}]}<\/script>\n<!-- \/ Yoast SEO Premium plugin. -->","yoast_head_json":{"title":"FRINGS Contact et FRINGS International","description":"L'exportation de machines et d'\u00e9quipements est une partie importante de notre activit\u00e9. Connaissance des march\u00e9s locaux et opportunit\u00e9s de...","robots":{"index":"index","follow":"follow","max-snippet":"max-snippet:-1","max-image-preview":"max-image-preview:large","max-video-preview":"max-video-preview:-1"},"canonical":"https:\/\/frings.com\/fr\/kontakt\/","og_locale":"fr_FR","og_type":"article","og_title":"Contact","og_description":"L'exportation de machines et d'\u00e9quipements est une partie importante de notre activit\u00e9. Connaissance des march\u00e9s locaux et opportunit\u00e9s de...","og_url":"https:\/\/frings.com\/fr\/kontakt\/","og_site_name":"frings","article_modified_time":"2022-09-19T17:07:08+00:00","twitter_card":"summary_large_image","schema":{"@context":"https:\/\/schema.org","@graph":[{"@type":"WebPage","@id":"https:\/\/frings.com\/fr\/kontakt\/","url":"https:\/\/frings.com\/fr\/kontakt\/","name":"FRINGS Contact et FRINGS International","isPartOf":{"@id":"https:\/\/frings.com\/#website"},"datePublished":"2020-03-03T18:15:51+00:00","dateModified":"2022-09-19T17:07:08+00:00","description":"L'exportation de machines et d'\u00e9quipements est une partie importante de notre activit\u00e9. Connaissance des march\u00e9s locaux et opportunit\u00e9s de...","breadcrumb":{"@id":"https:\/\/frings.com\/fr\/kontakt\/#breadcrumb"},"inLanguage":"fr-FR","potentialAction":[{"@type":"ReadAction","target":["https:\/\/frings.com\/fr\/kontakt\/"]}]},{"@type":"BreadcrumbList","@id":"https:\/\/frings.com\/fr\/kontakt\/#breadcrumb","itemListElement":[{"@type":"ListItem","position":1,"name":"Startseite","item":"https:\/\/frings.com\/fr\/"},{"@type":"ListItem","position":2,"name":"Contact"}]},{"@type":"WebSite","@id":"https:\/\/frings.com\/#website","url":"https:\/\/frings.com\/","name":"frings","description":"Massarbeit made in Germany","publisher":{"@id":"https:\/\/frings.com\/#organization"},"potentialAction":[{"@type":"SearchAction","target":{"@type":"EntryPoint","urlTemplate":"https:\/\/frings.com\/?s={search_term_string}"},"query-input":{"@type":"PropertyValueSpecification","valueRequired":true,"valueName":"search_term_string"}}],"inLanguage":"fr-FR"},{"@type":"Organization","@id":"https:\/\/frings.com\/#organization","name":"Frings","url":"https:\/\/frings.com\/","logo":{"@type":"ImageObject","inLanguage":"fr-FR","@id":"https:\/\/frings.com\/#\/schema\/logo\/image\/","url":"https:\/\/frings.com\/wp-content\/uploads\/2019\/08\/logo.png","contentUrl":"https:\/\/frings.com\/wp-content\/uploads\/2019\/08\/logo.png","width":80,"height":80,"caption":"Frings"},"image":{"@id":"https:\/\/frings.com\/#\/schema\/logo\/image\/"}}]}},"_links":{"self":[{"href":"https:\/\/frings.com\/fr\/wp-json\/wp\/v2\/pages\/5908","targetHints":{"allow":["GET"]}}],"collection":[{"href":"https:\/\/frings.com\/fr\/wp-json\/wp\/v2\/pages"}],"about":[{"href":"https:\/\/frings.com\/fr\/wp-json\/wp\/v2\/types\/page"}],"author":[{"embeddable":true,"href":"https:\/\/frings.com\/fr\/wp-json\/wp\/v2\/users\/1"}],"replies":[{"embeddable":true,"href":"https:\/\/frings.com\/fr\/wp-json\/wp\/v2\/comments?post=5908"}],"version-history":[{"count":5,"href":"https:\/\/frings.com\/fr\/wp-json\/wp\/v2\/pages\/5908\/revisions"}],"predecessor-version":[{"id":7944,"href":"https:\/\/frings.com\/fr\/wp-json\/wp\/v2\/pages\/5908\/revisions\/7944"}],"wp:attachment":[{"href":"https:\/\/frings.com\/fr\/wp-json\/wp\/v2\/media?parent=5908"}],"wp:term":[{"taxonomy":"branchen","embeddable":true,"href":"https:\/\/frings.com\/fr\/wp-json\/wp\/v2\/branchen?post=5908"}],"curies":[{"name":"wp","href":"https:\/\/api.w.org\/{rel}","templated":true}]}}