{"id":5352,"date":"2021-01-12T23:35:26","date_gmt":"2021-01-12T23:35:26","guid":{"rendered":"http:\/\/frings.com\/industries\/environmental-technology\/"},"modified":"2021-01-12T23:37:18","modified_gmt":"2021-01-12T23:37:18","slug":"technologie-de-lenvironnement","status":"publish","type":"page","link":"https:\/\/frings.com\/fr\/industries\/technologie-de-lenvironnement\/","title":{"rendered":"Technologie de l&rsquo;environnement"},"content":{"rendered":"","protected":false},"excerpt":{"rendered":"<p>Les meilleures eaux us\u00e9es sont celles qui ne se produisent pas du tout. Gr\u00e2ce \u00e0 une grande efficacit\u00e9 et \u00e0 une gestion int\u00e9gr\u00e9e de l&rsquo;eau, les usines de traitement modernes que nous vendons produisent tr\u00e8s peu d&rsquo;eaux us\u00e9es. Il s&rsquo;agit de la protection de l&rsquo;environnement dans la pratique. Mais si cela ne peut \u00eatre \u00e9vit\u00e9 &#8230;. nos technologies robustes de traitement des eaux us\u00e9es peuvent \u00e9galement \u00eatre implant\u00e9es dans votre entreprise.<\/p>\n","protected":false},"author":1,"featured_media":2957,"parent":5285,"menu_order":28,"comment_status":"closed","ping_status":"closed","template":"page.php","meta":{"_acf_changed":false,"footnotes":""},"branchen":[127],"class_list":["post-5352","page","type-page","status-publish","has-post-thumbnail","hentry","branchen-umwelttechnologie-fr","wpautop"],"acf":[],"yoast_head":"<!-- This site is optimized with the Yoast SEO Premium plugin v26.0 (Yoast SEO v27.4) - https:\/\/yoast.com\/product\/yoast-seo-premium-wordpress\/ -->\n<title>Technologie de l&#039;environnement - frings<\/title>\n<meta name=\"robots\" content=\"index, follow, max-snippet:-1, max-image-preview:large, max-video-preview:-1\" \/>\n<link rel=\"canonical\" href=\"https:\/\/frings.com\/fr\/industries\/technologie-de-lenvironnement\/\" \/>\n<meta property=\"og:locale\" content=\"fr_FR\" \/>\n<meta property=\"og:type\" content=\"article\" \/>\n<meta property=\"og:title\" content=\"Technologie de l&#039;environnement\" \/>\n<meta property=\"og:description\" content=\"Les meilleures eaux us\u00e9es sont celles qui ne se produisent pas du tout. Gr\u00e2ce \u00e0 une grande efficacit\u00e9 et \u00e0 une gestion int\u00e9gr\u00e9e de l&#039;eau, les usines de traitement modernes que nous vendons produisent tr\u00e8s peu d&#039;eaux us\u00e9es. Il s&#039;agit de la protection de l&#039;environnement dans la pratique. Mais si cela ne peut \u00eatre \u00e9vit\u00e9 .... nos technologies robustes de traitement des eaux us\u00e9es peuvent \u00e9galement \u00eatre implant\u00e9es dans votre entreprise.\" \/>\n<meta property=\"og:url\" content=\"https:\/\/frings.com\/fr\/industries\/technologie-de-lenvironnement\/\" \/>\n<meta property=\"og:site_name\" content=\"frings\" \/>\n<meta property=\"article:modified_time\" content=\"2021-01-12T23:37:18+00:00\" \/>\n<meta property=\"og:image\" content=\"https:\/\/frings.com\/wp-content\/uploads\/2020\/03\/start-frings-umwelttechnik-300x300.jpg\" \/>\n\t<meta property=\"og:image:width\" content=\"300\" \/>\n\t<meta property=\"og:image:height\" content=\"300\" \/>\n\t<meta property=\"og:image:type\" content=\"image\/jpeg\" \/>\n<meta name=\"twitter:card\" content=\"summary_large_image\" \/>\n<script type=\"application\/ld+json\" class=\"yoast-schema-graph\">{\"@context\":\"https:\\\/\\\/schema.org\",\"@graph\":[{\"@type\":\"WebPage\",\"@id\":\"https:\\\/\\\/frings.com\\\/fr\\\/industries\\\/technologie-de-lenvironnement\\\/\",\"url\":\"https:\\\/\\\/frings.com\\\/fr\\\/industries\\\/technologie-de-lenvironnement\\\/\",\"name\":\"Technologie de l'environnement - frings\",\"isPartOf\":{\"@id\":\"https:\\\/\\\/frings.com\\\/#website\"},\"primaryImageOfPage\":{\"@id\":\"https:\\\/\\\/frings.com\\\/fr\\\/industries\\\/technologie-de-lenvironnement\\\/#primaryimage\"},\"image\":{\"@id\":\"https:\\\/\\\/frings.com\\\/fr\\\/industries\\\/technologie-de-lenvironnement\\\/#primaryimage\"},\"thumbnailUrl\":\"https:\\\/\\\/frings.com\\\/wp-content\\\/uploads\\\/2020\\\/03\\\/start-frings-umwelttechnik-300x300.jpg\",\"datePublished\":\"2021-01-12T23:35:26+00:00\",\"dateModified\":\"2021-01-12T23:37:18+00:00\",\"breadcrumb\":{\"@id\":\"https:\\\/\\\/frings.com\\\/fr\\\/industries\\\/technologie-de-lenvironnement\\\/#breadcrumb\"},\"inLanguage\":\"fr-FR\",\"potentialAction\":[{\"@type\":\"ReadAction\",\"target\":[\"https:\\\/\\\/frings.com\\\/fr\\\/industries\\\/technologie-de-lenvironnement\\\/\"]}]},{\"@type\":\"ImageObject\",\"inLanguage\":\"fr-FR\",\"@id\":\"https:\\\/\\\/frings.com\\\/fr\\\/industries\\\/technologie-de-lenvironnement\\\/#primaryimage\",\"url\":\"https:\\\/\\\/frings.com\\\/wp-content\\\/uploads\\\/2020\\\/03\\\/start-frings-umwelttechnik-300x300.jpg\",\"contentUrl\":\"https:\\\/\\\/frings.com\\\/wp-content\\\/uploads\\\/2020\\\/03\\\/start-frings-umwelttechnik-300x300.jpg\",\"width\":300,\"height\":300},{\"@type\":\"BreadcrumbList\",\"@id\":\"https:\\\/\\\/frings.com\\\/fr\\\/industries\\\/technologie-de-lenvironnement\\\/#breadcrumb\",\"itemListElement\":[{\"@type\":\"ListItem\",\"position\":1,\"name\":\"Startseite\",\"item\":\"https:\\\/\\\/frings.com\\\/fr\\\/\"},{\"@type\":\"ListItem\",\"position\":2,\"name\":\"Industries\",\"item\":\"https:\\\/\\\/frings.com\\\/fr\\\/industries\\\/\"},{\"@type\":\"ListItem\",\"position\":3,\"name\":\"Technologie de l&#8217;environnement\"}]},{\"@type\":\"WebSite\",\"@id\":\"https:\\\/\\\/frings.com\\\/#website\",\"url\":\"https:\\\/\\\/frings.com\\\/\",\"name\":\"frings\",\"description\":\"Massarbeit made in Germany\",\"publisher\":{\"@id\":\"https:\\\/\\\/frings.com\\\/#organization\"},\"potentialAction\":[{\"@type\":\"SearchAction\",\"target\":{\"@type\":\"EntryPoint\",\"urlTemplate\":\"https:\\\/\\\/frings.com\\\/?s={search_term_string}\"},\"query-input\":{\"@type\":\"PropertyValueSpecification\",\"valueRequired\":true,\"valueName\":\"search_term_string\"}}],\"inLanguage\":\"fr-FR\"},{\"@type\":\"Organization\",\"@id\":\"https:\\\/\\\/frings.com\\\/#organization\",\"name\":\"Frings\",\"url\":\"https:\\\/\\\/frings.com\\\/\",\"logo\":{\"@type\":\"ImageObject\",\"inLanguage\":\"fr-FR\",\"@id\":\"https:\\\/\\\/frings.com\\\/#\\\/schema\\\/logo\\\/image\\\/\",\"url\":\"https:\\\/\\\/frings.com\\\/wp-content\\\/uploads\\\/2019\\\/08\\\/logo.png\",\"contentUrl\":\"https:\\\/\\\/frings.com\\\/wp-content\\\/uploads\\\/2019\\\/08\\\/logo.png\",\"width\":80,\"height\":80,\"caption\":\"Frings\"},\"image\":{\"@id\":\"https:\\\/\\\/frings.com\\\/#\\\/schema\\\/logo\\\/image\\\/\"}}]}<\/script>\n<!-- \/ Yoast SEO Premium plugin. -->","yoast_head_json":{"title":"Technologie de l'environnement - frings","robots":{"index":"index","follow":"follow","max-snippet":"max-snippet:-1","max-image-preview":"max-image-preview:large","max-video-preview":"max-video-preview:-1"},"canonical":"https:\/\/frings.com\/fr\/industries\/technologie-de-lenvironnement\/","og_locale":"fr_FR","og_type":"article","og_title":"Technologie de l'environnement","og_description":"Les meilleures eaux us\u00e9es sont celles qui ne se produisent pas du tout. Gr\u00e2ce \u00e0 une grande efficacit\u00e9 et \u00e0 une gestion int\u00e9gr\u00e9e de l'eau, les usines de traitement modernes que nous vendons produisent tr\u00e8s peu d'eaux us\u00e9es. Il s'agit de la protection de l'environnement dans la pratique. Mais si cela ne peut \u00eatre \u00e9vit\u00e9 .... nos technologies robustes de traitement des eaux us\u00e9es peuvent \u00e9galement \u00eatre implant\u00e9es dans votre entreprise.","og_url":"https:\/\/frings.com\/fr\/industries\/technologie-de-lenvironnement\/","og_site_name":"frings","article_modified_time":"2021-01-12T23:37:18+00:00","og_image":[{"width":300,"height":300,"url":"https:\/\/frings.com\/wp-content\/uploads\/2020\/03\/start-frings-umwelttechnik-300x300.jpg","type":"image\/jpeg"}],"twitter_card":"summary_large_image","schema":{"@context":"https:\/\/schema.org","@graph":[{"@type":"WebPage","@id":"https:\/\/frings.com\/fr\/industries\/technologie-de-lenvironnement\/","url":"https:\/\/frings.com\/fr\/industries\/technologie-de-lenvironnement\/","name":"Technologie de l'environnement - frings","isPartOf":{"@id":"https:\/\/frings.com\/#website"},"primaryImageOfPage":{"@id":"https:\/\/frings.com\/fr\/industries\/technologie-de-lenvironnement\/#primaryimage"},"image":{"@id":"https:\/\/frings.com\/fr\/industries\/technologie-de-lenvironnement\/#primaryimage"},"thumbnailUrl":"https:\/\/frings.com\/wp-content\/uploads\/2020\/03\/start-frings-umwelttechnik-300x300.jpg","datePublished":"2021-01-12T23:35:26+00:00","dateModified":"2021-01-12T23:37:18+00:00","breadcrumb":{"@id":"https:\/\/frings.com\/fr\/industries\/technologie-de-lenvironnement\/#breadcrumb"},"inLanguage":"fr-FR","potentialAction":[{"@type":"ReadAction","target":["https:\/\/frings.com\/fr\/industries\/technologie-de-lenvironnement\/"]}]},{"@type":"ImageObject","inLanguage":"fr-FR","@id":"https:\/\/frings.com\/fr\/industries\/technologie-de-lenvironnement\/#primaryimage","url":"https:\/\/frings.com\/wp-content\/uploads\/2020\/03\/start-frings-umwelttechnik-300x300.jpg","contentUrl":"https:\/\/frings.com\/wp-content\/uploads\/2020\/03\/start-frings-umwelttechnik-300x300.jpg","width":300,"height":300},{"@type":"BreadcrumbList","@id":"https:\/\/frings.com\/fr\/industries\/technologie-de-lenvironnement\/#breadcrumb","itemListElement":[{"@type":"ListItem","position":1,"name":"Startseite","item":"https:\/\/frings.com\/fr\/"},{"@type":"ListItem","position":2,"name":"Industries","item":"https:\/\/frings.com\/fr\/industries\/"},{"@type":"ListItem","position":3,"name":"Technologie de l&#8217;environnement"}]},{"@type":"WebSite","@id":"https:\/\/frings.com\/#website","url":"https:\/\/frings.com\/","name":"frings","description":"Massarbeit made in Germany","publisher":{"@id":"https:\/\/frings.com\/#organization"},"potentialAction":[{"@type":"SearchAction","target":{"@type":"EntryPoint","urlTemplate":"https:\/\/frings.com\/?s={search_term_string}"},"query-input":{"@type":"PropertyValueSpecification","valueRequired":true,"valueName":"search_term_string"}}],"inLanguage":"fr-FR"},{"@type":"Organization","@id":"https:\/\/frings.com\/#organization","name":"Frings","url":"https:\/\/frings.com\/","logo":{"@type":"ImageObject","inLanguage":"fr-FR","@id":"https:\/\/frings.com\/#\/schema\/logo\/image\/","url":"https:\/\/frings.com\/wp-content\/uploads\/2019\/08\/logo.png","contentUrl":"https:\/\/frings.com\/wp-content\/uploads\/2019\/08\/logo.png","width":80,"height":80,"caption":"Frings"},"image":{"@id":"https:\/\/frings.com\/#\/schema\/logo\/image\/"}}]}},"_links":{"self":[{"href":"https:\/\/frings.com\/fr\/wp-json\/wp\/v2\/pages\/5352","targetHints":{"allow":["GET"]}}],"collection":[{"href":"https:\/\/frings.com\/fr\/wp-json\/wp\/v2\/pages"}],"about":[{"href":"https:\/\/frings.com\/fr\/wp-json\/wp\/v2\/types\/page"}],"author":[{"embeddable":true,"href":"https:\/\/frings.com\/fr\/wp-json\/wp\/v2\/users\/1"}],"replies":[{"embeddable":true,"href":"https:\/\/frings.com\/fr\/wp-json\/wp\/v2\/comments?post=5352"}],"version-history":[{"count":1,"href":"https:\/\/frings.com\/fr\/wp-json\/wp\/v2\/pages\/5352\/revisions"}],"predecessor-version":[{"id":5354,"href":"https:\/\/frings.com\/fr\/wp-json\/wp\/v2\/pages\/5352\/revisions\/5354"}],"up":[{"embeddable":true,"href":"https:\/\/frings.com\/fr\/wp-json\/wp\/v2\/pages\/5285"}],"wp:featuredmedia":[{"embeddable":true,"href":"https:\/\/frings.com\/fr\/wp-json\/wp\/v2\/media\/2957"}],"wp:attachment":[{"href":"https:\/\/frings.com\/fr\/wp-json\/wp\/v2\/media?parent=5352"}],"wp:term":[{"taxonomy":"branchen","embeddable":true,"href":"https:\/\/frings.com\/fr\/wp-json\/wp\/v2\/branchen?post=5352"}],"curies":[{"name":"wp","href":"https:\/\/api.w.org\/{rel}","templated":true}]}}