{"id":5343,"date":"2021-01-12T22:56:36","date_gmt":"2021-01-12T22:56:36","guid":{"rendered":"http:\/\/frings.com\/industries\/chemical-technology\/"},"modified":"2021-01-12T22:59:28","modified_gmt":"2021-01-12T22:59:28","slug":"technologie-chimique","status":"publish","type":"page","link":"https:\/\/frings.com\/fr\/industries\/technologie-chimique\/","title":{"rendered":"Technologie chimique"},"content":{"rendered":"","protected":false},"excerpt":{"rendered":"<p>Dans le secteur \u00ab\u00a0Technologie chimique\u00a0\u00bb, FRINGS s&rsquo;est sp\u00e9cialis\u00e9 dans le d\u00e9veloppement de solutions syst\u00e8mes pour les petites et moyennes installations industrielles dans le secteur des proc\u00e9d\u00e9s en utilisant des agr\u00e9gats et des composants d&rsquo;installations \u00e9prouv\u00e9s.<\/p>\n","protected":false},"author":1,"featured_media":2930,"parent":5285,"menu_order":27,"comment_status":"closed","ping_status":"closed","template":"page.php","meta":{"_acf_changed":false,"footnotes":""},"branchen":[124],"class_list":["post-5343","page","type-page","status-publish","has-post-thumbnail","hentry","branchen-chemietechnik-fr","wpautop"],"acf":[],"yoast_head":"<!-- This site is optimized with the Yoast SEO Premium plugin v26.0 (Yoast SEO v27.5) - https:\/\/yoast.com\/product\/yoast-seo-premium-wordpress\/ -->\n<title>Technologie chimique - frings<\/title>\n<meta name=\"robots\" content=\"index, follow, max-snippet:-1, max-image-preview:large, max-video-preview:-1\" \/>\n<link rel=\"canonical\" href=\"https:\/\/frings.com\/fr\/industries\/technologie-chimique\/\" \/>\n<meta property=\"og:locale\" content=\"fr_FR\" \/>\n<meta property=\"og:type\" content=\"article\" \/>\n<meta property=\"og:title\" content=\"Technologie chimique\" \/>\n<meta property=\"og:description\" content=\"Dans le secteur &quot;Technologie chimique&quot;, FRINGS s&#039;est sp\u00e9cialis\u00e9 dans le d\u00e9veloppement de solutions syst\u00e8mes pour les petites et moyennes installations industrielles dans le secteur des proc\u00e9d\u00e9s en utilisant des agr\u00e9gats et des composants d&#039;installations \u00e9prouv\u00e9s.\" \/>\n<meta property=\"og:url\" content=\"https:\/\/frings.com\/fr\/industries\/technologie-chimique\/\" \/>\n<meta property=\"og:site_name\" content=\"frings\" \/>\n<meta property=\"article:modified_time\" content=\"2021-01-12T22:59:28+00:00\" \/>\n<meta property=\"og:image\" content=\"https:\/\/frings.com\/wp-content\/uploads\/2020\/03\/start-frings-chemietechnik-300x300.jpg\" \/>\n\t<meta property=\"og:image:width\" content=\"300\" \/>\n\t<meta property=\"og:image:height\" content=\"300\" \/>\n\t<meta property=\"og:image:type\" content=\"image\/jpeg\" \/>\n<meta name=\"twitter:card\" content=\"summary_large_image\" \/>\n<script type=\"application\/ld+json\" class=\"yoast-schema-graph\">{\"@context\":\"https:\\\/\\\/schema.org\",\"@graph\":[{\"@type\":\"WebPage\",\"@id\":\"https:\\\/\\\/frings.com\\\/fr\\\/industries\\\/technologie-chimique\\\/\",\"url\":\"https:\\\/\\\/frings.com\\\/fr\\\/industries\\\/technologie-chimique\\\/\",\"name\":\"Technologie chimique - frings\",\"isPartOf\":{\"@id\":\"https:\\\/\\\/frings.com\\\/#website\"},\"primaryImageOfPage\":{\"@id\":\"https:\\\/\\\/frings.com\\\/fr\\\/industries\\\/technologie-chimique\\\/#primaryimage\"},\"image\":{\"@id\":\"https:\\\/\\\/frings.com\\\/fr\\\/industries\\\/technologie-chimique\\\/#primaryimage\"},\"thumbnailUrl\":\"https:\\\/\\\/frings.com\\\/wp-content\\\/uploads\\\/2020\\\/03\\\/start-frings-chemietechnik-300x300.jpg\",\"datePublished\":\"2021-01-12T22:56:36+00:00\",\"dateModified\":\"2021-01-12T22:59:28+00:00\",\"breadcrumb\":{\"@id\":\"https:\\\/\\\/frings.com\\\/fr\\\/industries\\\/technologie-chimique\\\/#breadcrumb\"},\"inLanguage\":\"fr-FR\",\"potentialAction\":[{\"@type\":\"ReadAction\",\"target\":[\"https:\\\/\\\/frings.com\\\/fr\\\/industries\\\/technologie-chimique\\\/\"]}]},{\"@type\":\"ImageObject\",\"inLanguage\":\"fr-FR\",\"@id\":\"https:\\\/\\\/frings.com\\\/fr\\\/industries\\\/technologie-chimique\\\/#primaryimage\",\"url\":\"https:\\\/\\\/frings.com\\\/wp-content\\\/uploads\\\/2020\\\/03\\\/start-frings-chemietechnik-300x300.jpg\",\"contentUrl\":\"https:\\\/\\\/frings.com\\\/wp-content\\\/uploads\\\/2020\\\/03\\\/start-frings-chemietechnik-300x300.jpg\",\"width\":300,\"height\":300},{\"@type\":\"BreadcrumbList\",\"@id\":\"https:\\\/\\\/frings.com\\\/fr\\\/industries\\\/technologie-chimique\\\/#breadcrumb\",\"itemListElement\":[{\"@type\":\"ListItem\",\"position\":1,\"name\":\"Startseite\",\"item\":\"https:\\\/\\\/frings.com\\\/fr\\\/\"},{\"@type\":\"ListItem\",\"position\":2,\"name\":\"Industries\",\"item\":\"https:\\\/\\\/frings.com\\\/fr\\\/industries\\\/\"},{\"@type\":\"ListItem\",\"position\":3,\"name\":\"Technologie chimique\"}]},{\"@type\":\"WebSite\",\"@id\":\"https:\\\/\\\/frings.com\\\/#website\",\"url\":\"https:\\\/\\\/frings.com\\\/\",\"name\":\"frings\",\"description\":\"Massarbeit made in Germany\",\"publisher\":{\"@id\":\"https:\\\/\\\/frings.com\\\/#organization\"},\"potentialAction\":[{\"@type\":\"SearchAction\",\"target\":{\"@type\":\"EntryPoint\",\"urlTemplate\":\"https:\\\/\\\/frings.com\\\/?s={search_term_string}\"},\"query-input\":{\"@type\":\"PropertyValueSpecification\",\"valueRequired\":true,\"valueName\":\"search_term_string\"}}],\"inLanguage\":\"fr-FR\"},{\"@type\":\"Organization\",\"@id\":\"https:\\\/\\\/frings.com\\\/#organization\",\"name\":\"Frings\",\"url\":\"https:\\\/\\\/frings.com\\\/\",\"logo\":{\"@type\":\"ImageObject\",\"inLanguage\":\"fr-FR\",\"@id\":\"https:\\\/\\\/frings.com\\\/#\\\/schema\\\/logo\\\/image\\\/\",\"url\":\"https:\\\/\\\/frings.com\\\/wp-content\\\/uploads\\\/2019\\\/08\\\/logo.png\",\"contentUrl\":\"https:\\\/\\\/frings.com\\\/wp-content\\\/uploads\\\/2019\\\/08\\\/logo.png\",\"width\":80,\"height\":80,\"caption\":\"Frings\"},\"image\":{\"@id\":\"https:\\\/\\\/frings.com\\\/#\\\/schema\\\/logo\\\/image\\\/\"}}]}<\/script>\n<!-- \/ Yoast SEO Premium plugin. -->","yoast_head_json":{"title":"Technologie chimique - frings","robots":{"index":"index","follow":"follow","max-snippet":"max-snippet:-1","max-image-preview":"max-image-preview:large","max-video-preview":"max-video-preview:-1"},"canonical":"https:\/\/frings.com\/fr\/industries\/technologie-chimique\/","og_locale":"fr_FR","og_type":"article","og_title":"Technologie chimique","og_description":"Dans le secteur \"Technologie chimique\", FRINGS s'est sp\u00e9cialis\u00e9 dans le d\u00e9veloppement de solutions syst\u00e8mes pour les petites et moyennes installations industrielles dans le secteur des proc\u00e9d\u00e9s en utilisant des agr\u00e9gats et des composants d'installations \u00e9prouv\u00e9s.","og_url":"https:\/\/frings.com\/fr\/industries\/technologie-chimique\/","og_site_name":"frings","article_modified_time":"2021-01-12T22:59:28+00:00","og_image":[{"width":300,"height":300,"url":"https:\/\/frings.com\/wp-content\/uploads\/2020\/03\/start-frings-chemietechnik-300x300.jpg","type":"image\/jpeg"}],"twitter_card":"summary_large_image","schema":{"@context":"https:\/\/schema.org","@graph":[{"@type":"WebPage","@id":"https:\/\/frings.com\/fr\/industries\/technologie-chimique\/","url":"https:\/\/frings.com\/fr\/industries\/technologie-chimique\/","name":"Technologie chimique - frings","isPartOf":{"@id":"https:\/\/frings.com\/#website"},"primaryImageOfPage":{"@id":"https:\/\/frings.com\/fr\/industries\/technologie-chimique\/#primaryimage"},"image":{"@id":"https:\/\/frings.com\/fr\/industries\/technologie-chimique\/#primaryimage"},"thumbnailUrl":"https:\/\/frings.com\/wp-content\/uploads\/2020\/03\/start-frings-chemietechnik-300x300.jpg","datePublished":"2021-01-12T22:56:36+00:00","dateModified":"2021-01-12T22:59:28+00:00","breadcrumb":{"@id":"https:\/\/frings.com\/fr\/industries\/technologie-chimique\/#breadcrumb"},"inLanguage":"fr-FR","potentialAction":[{"@type":"ReadAction","target":["https:\/\/frings.com\/fr\/industries\/technologie-chimique\/"]}]},{"@type":"ImageObject","inLanguage":"fr-FR","@id":"https:\/\/frings.com\/fr\/industries\/technologie-chimique\/#primaryimage","url":"https:\/\/frings.com\/wp-content\/uploads\/2020\/03\/start-frings-chemietechnik-300x300.jpg","contentUrl":"https:\/\/frings.com\/wp-content\/uploads\/2020\/03\/start-frings-chemietechnik-300x300.jpg","width":300,"height":300},{"@type":"BreadcrumbList","@id":"https:\/\/frings.com\/fr\/industries\/technologie-chimique\/#breadcrumb","itemListElement":[{"@type":"ListItem","position":1,"name":"Startseite","item":"https:\/\/frings.com\/fr\/"},{"@type":"ListItem","position":2,"name":"Industries","item":"https:\/\/frings.com\/fr\/industries\/"},{"@type":"ListItem","position":3,"name":"Technologie chimique"}]},{"@type":"WebSite","@id":"https:\/\/frings.com\/#website","url":"https:\/\/frings.com\/","name":"frings","description":"Massarbeit made in Germany","publisher":{"@id":"https:\/\/frings.com\/#organization"},"potentialAction":[{"@type":"SearchAction","target":{"@type":"EntryPoint","urlTemplate":"https:\/\/frings.com\/?s={search_term_string}"},"query-input":{"@type":"PropertyValueSpecification","valueRequired":true,"valueName":"search_term_string"}}],"inLanguage":"fr-FR"},{"@type":"Organization","@id":"https:\/\/frings.com\/#organization","name":"Frings","url":"https:\/\/frings.com\/","logo":{"@type":"ImageObject","inLanguage":"fr-FR","@id":"https:\/\/frings.com\/#\/schema\/logo\/image\/","url":"https:\/\/frings.com\/wp-content\/uploads\/2019\/08\/logo.png","contentUrl":"https:\/\/frings.com\/wp-content\/uploads\/2019\/08\/logo.png","width":80,"height":80,"caption":"Frings"},"image":{"@id":"https:\/\/frings.com\/#\/schema\/logo\/image\/"}}]}},"_links":{"self":[{"href":"https:\/\/frings.com\/fr\/wp-json\/wp\/v2\/pages\/5343","targetHints":{"allow":["GET"]}}],"collection":[{"href":"https:\/\/frings.com\/fr\/wp-json\/wp\/v2\/pages"}],"about":[{"href":"https:\/\/frings.com\/fr\/wp-json\/wp\/v2\/types\/page"}],"author":[{"embeddable":true,"href":"https:\/\/frings.com\/fr\/wp-json\/wp\/v2\/users\/1"}],"replies":[{"embeddable":true,"href":"https:\/\/frings.com\/fr\/wp-json\/wp\/v2\/comments?post=5343"}],"version-history":[{"count":2,"href":"https:\/\/frings.com\/fr\/wp-json\/wp\/v2\/pages\/5343\/revisions"}],"predecessor-version":[{"id":5346,"href":"https:\/\/frings.com\/fr\/wp-json\/wp\/v2\/pages\/5343\/revisions\/5346"}],"up":[{"embeddable":true,"href":"https:\/\/frings.com\/fr\/wp-json\/wp\/v2\/pages\/5285"}],"wp:featuredmedia":[{"embeddable":true,"href":"https:\/\/frings.com\/fr\/wp-json\/wp\/v2\/media\/2930"}],"wp:attachment":[{"href":"https:\/\/frings.com\/fr\/wp-json\/wp\/v2\/media?parent=5343"}],"wp:term":[{"taxonomy":"branchen","embeddable":true,"href":"https:\/\/frings.com\/fr\/wp-json\/wp\/v2\/branchen?post=5343"}],"curies":[{"name":"wp","href":"https:\/\/api.w.org\/{rel}","templated":true}]}}