{"id":5332,"date":"2021-01-11T22:56:49","date_gmt":"2021-01-11T22:56:49","guid":{"rendered":"http:\/\/frings.com\/industries\/food-beverage-technology\/"},"modified":"2021-01-11T23:03:06","modified_gmt":"2021-01-11T23:03:06","slug":"technologie-des-aliments-et-des-boissons","status":"publish","type":"page","link":"https:\/\/frings.com\/fr\/industries\/technologie-des-aliments-et-des-boissons\/","title":{"rendered":"Technologie des aliments et des boissons"},"content":{"rendered":"","protected":false},"excerpt":{"rendered":"<p>Depuis sa fondation, FRINGS a toujours \u00e9t\u00e9 tr\u00e8s \u00e9troitement li\u00e9 aux d\u00e9veloppements de l&rsquo;industrie alimentaire. Hier et aujourd&rsquo;hui, en tant que constructeur international d\u2019installations, nous r\u00e9pondons aux besoins sp\u00e9cifiques de l&rsquo;industrie et des march\u00e9s respectifs.<\/p>\n","protected":false},"author":1,"featured_media":2972,"parent":5285,"menu_order":26,"comment_status":"closed","ping_status":"closed","template":"page.php","meta":{"_acf_changed":false,"footnotes":""},"branchen":[121],"class_list":["post-5332","page","type-page","status-publish","has-post-thumbnail","hentry","branchen-lebensmitteltechnik-fr","wpautop"],"acf":[],"yoast_head":"<!-- This site is optimized with the Yoast SEO Premium plugin v26.0 (Yoast SEO v27.4) - https:\/\/yoast.com\/product\/yoast-seo-premium-wordpress\/ -->\n<title>Technologie des aliments et des boissons - frings<\/title>\n<meta name=\"robots\" content=\"index, follow, max-snippet:-1, max-image-preview:large, max-video-preview:-1\" \/>\n<link rel=\"canonical\" href=\"https:\/\/frings.com\/fr\/industries\/technologie-des-aliments-et-des-boissons\/\" \/>\n<meta property=\"og:locale\" content=\"fr_FR\" \/>\n<meta property=\"og:type\" content=\"article\" \/>\n<meta property=\"og:title\" content=\"Technologie des aliments et des boissons\" \/>\n<meta property=\"og:description\" content=\"Depuis sa fondation, FRINGS a toujours \u00e9t\u00e9 tr\u00e8s \u00e9troitement li\u00e9 aux d\u00e9veloppements de l&#039;industrie alimentaire. Hier et aujourd&#039;hui, en tant que constructeur international d\u2019installations, nous r\u00e9pondons aux besoins sp\u00e9cifiques de l&#039;industrie et des march\u00e9s respectifs.\" \/>\n<meta property=\"og:url\" content=\"https:\/\/frings.com\/fr\/industries\/technologie-des-aliments-et-des-boissons\/\" \/>\n<meta property=\"og:site_name\" content=\"frings\" \/>\n<meta property=\"article:modified_time\" content=\"2021-01-11T23:03:06+00:00\" \/>\n<meta property=\"og:image\" content=\"https:\/\/frings.com\/wp-content\/uploads\/2020\/03\/start-frings-lebensmitteltechnik-300x300.jpg\" \/>\n\t<meta property=\"og:image:width\" content=\"300\" \/>\n\t<meta property=\"og:image:height\" content=\"300\" \/>\n\t<meta property=\"og:image:type\" content=\"image\/jpeg\" \/>\n<meta name=\"twitter:card\" content=\"summary_large_image\" \/>\n<script type=\"application\/ld+json\" class=\"yoast-schema-graph\">{\"@context\":\"https:\\\/\\\/schema.org\",\"@graph\":[{\"@type\":\"WebPage\",\"@id\":\"https:\\\/\\\/frings.com\\\/fr\\\/industries\\\/technologie-des-aliments-et-des-boissons\\\/\",\"url\":\"https:\\\/\\\/frings.com\\\/fr\\\/industries\\\/technologie-des-aliments-et-des-boissons\\\/\",\"name\":\"Technologie des aliments et des boissons - frings\",\"isPartOf\":{\"@id\":\"https:\\\/\\\/frings.com\\\/#website\"},\"primaryImageOfPage\":{\"@id\":\"https:\\\/\\\/frings.com\\\/fr\\\/industries\\\/technologie-des-aliments-et-des-boissons\\\/#primaryimage\"},\"image\":{\"@id\":\"https:\\\/\\\/frings.com\\\/fr\\\/industries\\\/technologie-des-aliments-et-des-boissons\\\/#primaryimage\"},\"thumbnailUrl\":\"https:\\\/\\\/frings.com\\\/wp-content\\\/uploads\\\/2020\\\/03\\\/start-frings-lebensmitteltechnik-300x300.jpg\",\"datePublished\":\"2021-01-11T22:56:49+00:00\",\"dateModified\":\"2021-01-11T23:03:06+00:00\",\"breadcrumb\":{\"@id\":\"https:\\\/\\\/frings.com\\\/fr\\\/industries\\\/technologie-des-aliments-et-des-boissons\\\/#breadcrumb\"},\"inLanguage\":\"fr-FR\",\"potentialAction\":[{\"@type\":\"ReadAction\",\"target\":[\"https:\\\/\\\/frings.com\\\/fr\\\/industries\\\/technologie-des-aliments-et-des-boissons\\\/\"]}]},{\"@type\":\"ImageObject\",\"inLanguage\":\"fr-FR\",\"@id\":\"https:\\\/\\\/frings.com\\\/fr\\\/industries\\\/technologie-des-aliments-et-des-boissons\\\/#primaryimage\",\"url\":\"https:\\\/\\\/frings.com\\\/wp-content\\\/uploads\\\/2020\\\/03\\\/start-frings-lebensmitteltechnik-300x300.jpg\",\"contentUrl\":\"https:\\\/\\\/frings.com\\\/wp-content\\\/uploads\\\/2020\\\/03\\\/start-frings-lebensmitteltechnik-300x300.jpg\",\"width\":300,\"height\":300},{\"@type\":\"BreadcrumbList\",\"@id\":\"https:\\\/\\\/frings.com\\\/fr\\\/industries\\\/technologie-des-aliments-et-des-boissons\\\/#breadcrumb\",\"itemListElement\":[{\"@type\":\"ListItem\",\"position\":1,\"name\":\"Startseite\",\"item\":\"https:\\\/\\\/frings.com\\\/fr\\\/\"},{\"@type\":\"ListItem\",\"position\":2,\"name\":\"Industries\",\"item\":\"https:\\\/\\\/frings.com\\\/fr\\\/industries\\\/\"},{\"@type\":\"ListItem\",\"position\":3,\"name\":\"Technologie des aliments et des boissons\"}]},{\"@type\":\"WebSite\",\"@id\":\"https:\\\/\\\/frings.com\\\/#website\",\"url\":\"https:\\\/\\\/frings.com\\\/\",\"name\":\"frings\",\"description\":\"Massarbeit made in Germany\",\"publisher\":{\"@id\":\"https:\\\/\\\/frings.com\\\/#organization\"},\"potentialAction\":[{\"@type\":\"SearchAction\",\"target\":{\"@type\":\"EntryPoint\",\"urlTemplate\":\"https:\\\/\\\/frings.com\\\/?s={search_term_string}\"},\"query-input\":{\"@type\":\"PropertyValueSpecification\",\"valueRequired\":true,\"valueName\":\"search_term_string\"}}],\"inLanguage\":\"fr-FR\"},{\"@type\":\"Organization\",\"@id\":\"https:\\\/\\\/frings.com\\\/#organization\",\"name\":\"Frings\",\"url\":\"https:\\\/\\\/frings.com\\\/\",\"logo\":{\"@type\":\"ImageObject\",\"inLanguage\":\"fr-FR\",\"@id\":\"https:\\\/\\\/frings.com\\\/#\\\/schema\\\/logo\\\/image\\\/\",\"url\":\"https:\\\/\\\/frings.com\\\/wp-content\\\/uploads\\\/2019\\\/08\\\/logo.png\",\"contentUrl\":\"https:\\\/\\\/frings.com\\\/wp-content\\\/uploads\\\/2019\\\/08\\\/logo.png\",\"width\":80,\"height\":80,\"caption\":\"Frings\"},\"image\":{\"@id\":\"https:\\\/\\\/frings.com\\\/#\\\/schema\\\/logo\\\/image\\\/\"}}]}<\/script>\n<!-- \/ Yoast SEO Premium plugin. -->","yoast_head_json":{"title":"Technologie des aliments et des boissons - frings","robots":{"index":"index","follow":"follow","max-snippet":"max-snippet:-1","max-image-preview":"max-image-preview:large","max-video-preview":"max-video-preview:-1"},"canonical":"https:\/\/frings.com\/fr\/industries\/technologie-des-aliments-et-des-boissons\/","og_locale":"fr_FR","og_type":"article","og_title":"Technologie des aliments et des boissons","og_description":"Depuis sa fondation, FRINGS a toujours \u00e9t\u00e9 tr\u00e8s \u00e9troitement li\u00e9 aux d\u00e9veloppements de l'industrie alimentaire. Hier et aujourd'hui, en tant que constructeur international d\u2019installations, nous r\u00e9pondons aux besoins sp\u00e9cifiques de l'industrie et des march\u00e9s respectifs.","og_url":"https:\/\/frings.com\/fr\/industries\/technologie-des-aliments-et-des-boissons\/","og_site_name":"frings","article_modified_time":"2021-01-11T23:03:06+00:00","og_image":[{"width":300,"height":300,"url":"https:\/\/frings.com\/wp-content\/uploads\/2020\/03\/start-frings-lebensmitteltechnik-300x300.jpg","type":"image\/jpeg"}],"twitter_card":"summary_large_image","schema":{"@context":"https:\/\/schema.org","@graph":[{"@type":"WebPage","@id":"https:\/\/frings.com\/fr\/industries\/technologie-des-aliments-et-des-boissons\/","url":"https:\/\/frings.com\/fr\/industries\/technologie-des-aliments-et-des-boissons\/","name":"Technologie des aliments et des boissons - frings","isPartOf":{"@id":"https:\/\/frings.com\/#website"},"primaryImageOfPage":{"@id":"https:\/\/frings.com\/fr\/industries\/technologie-des-aliments-et-des-boissons\/#primaryimage"},"image":{"@id":"https:\/\/frings.com\/fr\/industries\/technologie-des-aliments-et-des-boissons\/#primaryimage"},"thumbnailUrl":"https:\/\/frings.com\/wp-content\/uploads\/2020\/03\/start-frings-lebensmitteltechnik-300x300.jpg","datePublished":"2021-01-11T22:56:49+00:00","dateModified":"2021-01-11T23:03:06+00:00","breadcrumb":{"@id":"https:\/\/frings.com\/fr\/industries\/technologie-des-aliments-et-des-boissons\/#breadcrumb"},"inLanguage":"fr-FR","potentialAction":[{"@type":"ReadAction","target":["https:\/\/frings.com\/fr\/industries\/technologie-des-aliments-et-des-boissons\/"]}]},{"@type":"ImageObject","inLanguage":"fr-FR","@id":"https:\/\/frings.com\/fr\/industries\/technologie-des-aliments-et-des-boissons\/#primaryimage","url":"https:\/\/frings.com\/wp-content\/uploads\/2020\/03\/start-frings-lebensmitteltechnik-300x300.jpg","contentUrl":"https:\/\/frings.com\/wp-content\/uploads\/2020\/03\/start-frings-lebensmitteltechnik-300x300.jpg","width":300,"height":300},{"@type":"BreadcrumbList","@id":"https:\/\/frings.com\/fr\/industries\/technologie-des-aliments-et-des-boissons\/#breadcrumb","itemListElement":[{"@type":"ListItem","position":1,"name":"Startseite","item":"https:\/\/frings.com\/fr\/"},{"@type":"ListItem","position":2,"name":"Industries","item":"https:\/\/frings.com\/fr\/industries\/"},{"@type":"ListItem","position":3,"name":"Technologie des aliments et des boissons"}]},{"@type":"WebSite","@id":"https:\/\/frings.com\/#website","url":"https:\/\/frings.com\/","name":"frings","description":"Massarbeit made in Germany","publisher":{"@id":"https:\/\/frings.com\/#organization"},"potentialAction":[{"@type":"SearchAction","target":{"@type":"EntryPoint","urlTemplate":"https:\/\/frings.com\/?s={search_term_string}"},"query-input":{"@type":"PropertyValueSpecification","valueRequired":true,"valueName":"search_term_string"}}],"inLanguage":"fr-FR"},{"@type":"Organization","@id":"https:\/\/frings.com\/#organization","name":"Frings","url":"https:\/\/frings.com\/","logo":{"@type":"ImageObject","inLanguage":"fr-FR","@id":"https:\/\/frings.com\/#\/schema\/logo\/image\/","url":"https:\/\/frings.com\/wp-content\/uploads\/2019\/08\/logo.png","contentUrl":"https:\/\/frings.com\/wp-content\/uploads\/2019\/08\/logo.png","width":80,"height":80,"caption":"Frings"},"image":{"@id":"https:\/\/frings.com\/#\/schema\/logo\/image\/"}}]}},"_links":{"self":[{"href":"https:\/\/frings.com\/fr\/wp-json\/wp\/v2\/pages\/5332","targetHints":{"allow":["GET"]}}],"collection":[{"href":"https:\/\/frings.com\/fr\/wp-json\/wp\/v2\/pages"}],"about":[{"href":"https:\/\/frings.com\/fr\/wp-json\/wp\/v2\/types\/page"}],"author":[{"embeddable":true,"href":"https:\/\/frings.com\/fr\/wp-json\/wp\/v2\/users\/1"}],"replies":[{"embeddable":true,"href":"https:\/\/frings.com\/fr\/wp-json\/wp\/v2\/comments?post=5332"}],"version-history":[{"count":2,"href":"https:\/\/frings.com\/fr\/wp-json\/wp\/v2\/pages\/5332\/revisions"}],"predecessor-version":[{"id":5335,"href":"https:\/\/frings.com\/fr\/wp-json\/wp\/v2\/pages\/5332\/revisions\/5335"}],"up":[{"embeddable":true,"href":"https:\/\/frings.com\/fr\/wp-json\/wp\/v2\/pages\/5285"}],"wp:featuredmedia":[{"embeddable":true,"href":"https:\/\/frings.com\/fr\/wp-json\/wp\/v2\/media\/2972"}],"wp:attachment":[{"href":"https:\/\/frings.com\/fr\/wp-json\/wp\/v2\/media?parent=5332"}],"wp:term":[{"taxonomy":"branchen","embeddable":true,"href":"https:\/\/frings.com\/fr\/wp-json\/wp\/v2\/branchen?post=5332"}],"curies":[{"name":"wp","href":"https:\/\/api.w.org\/{rel}","templated":true}]}}