{"id":5260,"date":"2021-01-08T10:36:29","date_gmt":"2021-01-08T10:36:29","guid":{"rendered":"http:\/\/frings.com\/?page_id=5260"},"modified":"2021-01-08T10:43:12","modified_gmt":"2021-01-08T10:43:12","slug":"mission-et-vision","status":"publish","type":"page","link":"https:\/\/frings.com\/fr\/entreprise\/mission-et-vision\/","title":{"rendered":"Mission et vision"},"content":{"rendered":"","protected":false},"excerpt":{"rendered":"<p>Nos valeurs, selon lesquelles nous agissons, ont \u00e9t\u00e9 transmises et d\u00e9velopp\u00e9es sur plusieurs g\u00e9n\u00e9rations. Le fondement de ces valeurs est constitu\u00e9 par les principes de durabilit\u00e9 et de continuit\u00e9 envers nos clients, de relations respectueuses et confiantes avec les employ\u00e9s et de respect et d&rsquo;appr\u00e9ciation envers les personnes et l&rsquo;environnement.<\/p>\n","protected":false},"author":1,"featured_media":4122,"parent":5011,"menu_order":4,"comment_status":"closed","ping_status":"closed","template":"page.php","meta":{"_acf_changed":false,"footnotes":""},"branchen":[],"class_list":["post-5260","page","type-page","status-publish","has-post-thumbnail","hentry","wpautop"],"acf":[],"yoast_head":"<!-- This site is optimized with the Yoast SEO Premium plugin v26.0 (Yoast SEO v27.4) - https:\/\/yoast.com\/product\/yoast-seo-premium-wordpress\/ -->\n<title>Mission et vision - frings<\/title>\n<meta name=\"robots\" content=\"index, follow, max-snippet:-1, max-image-preview:large, max-video-preview:-1\" \/>\n<link rel=\"canonical\" href=\"https:\/\/frings.com\/fr\/entreprise\/mission-et-vision\/\" \/>\n<meta property=\"og:locale\" content=\"fr_FR\" \/>\n<meta property=\"og:type\" content=\"article\" \/>\n<meta property=\"og:title\" content=\"Mission et vision\" \/>\n<meta property=\"og:description\" content=\"Nos valeurs, selon lesquelles nous agissons, ont \u00e9t\u00e9 transmises et d\u00e9velopp\u00e9es sur plusieurs g\u00e9n\u00e9rations. Le fondement de ces valeurs est constitu\u00e9 par les principes de durabilit\u00e9 et de continuit\u00e9 envers nos clients, de relations respectueuses et confiantes avec les employ\u00e9s et de respect et d&#039;appr\u00e9ciation envers les personnes et l&#039;environnement.\" \/>\n<meta property=\"og:url\" content=\"https:\/\/frings.com\/fr\/entreprise\/mission-et-vision\/\" \/>\n<meta property=\"og:site_name\" content=\"frings\" \/>\n<meta property=\"article:modified_time\" content=\"2021-01-08T10:43:12+00:00\" \/>\n<meta property=\"og:image\" content=\"https:\/\/frings.com\/wp-content\/uploads\/2020\/07\/menue-unternehmen-frings-leitbild-210x210px.jpg\" \/>\n\t<meta property=\"og:image:width\" content=\"210\" \/>\n\t<meta property=\"og:image:height\" content=\"210\" \/>\n\t<meta property=\"og:image:type\" content=\"image\/jpeg\" \/>\n<meta name=\"twitter:card\" content=\"summary_large_image\" \/>\n<script type=\"application\/ld+json\" class=\"yoast-schema-graph\">{\"@context\":\"https:\\\/\\\/schema.org\",\"@graph\":[{\"@type\":\"WebPage\",\"@id\":\"https:\\\/\\\/frings.com\\\/fr\\\/entreprise\\\/mission-et-vision\\\/\",\"url\":\"https:\\\/\\\/frings.com\\\/fr\\\/entreprise\\\/mission-et-vision\\\/\",\"name\":\"Mission et vision - frings\",\"isPartOf\":{\"@id\":\"https:\\\/\\\/frings.com\\\/#website\"},\"primaryImageOfPage\":{\"@id\":\"https:\\\/\\\/frings.com\\\/fr\\\/entreprise\\\/mission-et-vision\\\/#primaryimage\"},\"image\":{\"@id\":\"https:\\\/\\\/frings.com\\\/fr\\\/entreprise\\\/mission-et-vision\\\/#primaryimage\"},\"thumbnailUrl\":\"https:\\\/\\\/frings.com\\\/wp-content\\\/uploads\\\/2020\\\/07\\\/menue-unternehmen-frings-leitbild-210x210px.jpg\",\"datePublished\":\"2021-01-08T10:36:29+00:00\",\"dateModified\":\"2021-01-08T10:43:12+00:00\",\"breadcrumb\":{\"@id\":\"https:\\\/\\\/frings.com\\\/fr\\\/entreprise\\\/mission-et-vision\\\/#breadcrumb\"},\"inLanguage\":\"fr-FR\",\"potentialAction\":[{\"@type\":\"ReadAction\",\"target\":[\"https:\\\/\\\/frings.com\\\/fr\\\/entreprise\\\/mission-et-vision\\\/\"]}]},{\"@type\":\"ImageObject\",\"inLanguage\":\"fr-FR\",\"@id\":\"https:\\\/\\\/frings.com\\\/fr\\\/entreprise\\\/mission-et-vision\\\/#primaryimage\",\"url\":\"https:\\\/\\\/frings.com\\\/wp-content\\\/uploads\\\/2020\\\/07\\\/menue-unternehmen-frings-leitbild-210x210px.jpg\",\"contentUrl\":\"https:\\\/\\\/frings.com\\\/wp-content\\\/uploads\\\/2020\\\/07\\\/menue-unternehmen-frings-leitbild-210x210px.jpg\",\"width\":210,\"height\":210},{\"@type\":\"BreadcrumbList\",\"@id\":\"https:\\\/\\\/frings.com\\\/fr\\\/entreprise\\\/mission-et-vision\\\/#breadcrumb\",\"itemListElement\":[{\"@type\":\"ListItem\",\"position\":1,\"name\":\"Startseite\",\"item\":\"https:\\\/\\\/frings.com\\\/fr\\\/\"},{\"@type\":\"ListItem\",\"position\":2,\"name\":\"ENTREPRISE\",\"item\":\"https:\\\/\\\/frings.com\\\/fr\\\/entreprise\\\/\"},{\"@type\":\"ListItem\",\"position\":3,\"name\":\"Mission et vision\"}]},{\"@type\":\"WebSite\",\"@id\":\"https:\\\/\\\/frings.com\\\/#website\",\"url\":\"https:\\\/\\\/frings.com\\\/\",\"name\":\"frings\",\"description\":\"Massarbeit made in Germany\",\"publisher\":{\"@id\":\"https:\\\/\\\/frings.com\\\/#organization\"},\"potentialAction\":[{\"@type\":\"SearchAction\",\"target\":{\"@type\":\"EntryPoint\",\"urlTemplate\":\"https:\\\/\\\/frings.com\\\/?s={search_term_string}\"},\"query-input\":{\"@type\":\"PropertyValueSpecification\",\"valueRequired\":true,\"valueName\":\"search_term_string\"}}],\"inLanguage\":\"fr-FR\"},{\"@type\":\"Organization\",\"@id\":\"https:\\\/\\\/frings.com\\\/#organization\",\"name\":\"Frings\",\"url\":\"https:\\\/\\\/frings.com\\\/\",\"logo\":{\"@type\":\"ImageObject\",\"inLanguage\":\"fr-FR\",\"@id\":\"https:\\\/\\\/frings.com\\\/#\\\/schema\\\/logo\\\/image\\\/\",\"url\":\"https:\\\/\\\/frings.com\\\/wp-content\\\/uploads\\\/2019\\\/08\\\/logo.png\",\"contentUrl\":\"https:\\\/\\\/frings.com\\\/wp-content\\\/uploads\\\/2019\\\/08\\\/logo.png\",\"width\":80,\"height\":80,\"caption\":\"Frings\"},\"image\":{\"@id\":\"https:\\\/\\\/frings.com\\\/#\\\/schema\\\/logo\\\/image\\\/\"}}]}<\/script>\n<!-- \/ Yoast SEO Premium plugin. -->","yoast_head_json":{"title":"Mission et vision - frings","robots":{"index":"index","follow":"follow","max-snippet":"max-snippet:-1","max-image-preview":"max-image-preview:large","max-video-preview":"max-video-preview:-1"},"canonical":"https:\/\/frings.com\/fr\/entreprise\/mission-et-vision\/","og_locale":"fr_FR","og_type":"article","og_title":"Mission et vision","og_description":"Nos valeurs, selon lesquelles nous agissons, ont \u00e9t\u00e9 transmises et d\u00e9velopp\u00e9es sur plusieurs g\u00e9n\u00e9rations. Le fondement de ces valeurs est constitu\u00e9 par les principes de durabilit\u00e9 et de continuit\u00e9 envers nos clients, de relations respectueuses et confiantes avec les employ\u00e9s et de respect et d'appr\u00e9ciation envers les personnes et l'environnement.","og_url":"https:\/\/frings.com\/fr\/entreprise\/mission-et-vision\/","og_site_name":"frings","article_modified_time":"2021-01-08T10:43:12+00:00","og_image":[{"width":210,"height":210,"url":"https:\/\/frings.com\/wp-content\/uploads\/2020\/07\/menue-unternehmen-frings-leitbild-210x210px.jpg","type":"image\/jpeg"}],"twitter_card":"summary_large_image","schema":{"@context":"https:\/\/schema.org","@graph":[{"@type":"WebPage","@id":"https:\/\/frings.com\/fr\/entreprise\/mission-et-vision\/","url":"https:\/\/frings.com\/fr\/entreprise\/mission-et-vision\/","name":"Mission et vision - frings","isPartOf":{"@id":"https:\/\/frings.com\/#website"},"primaryImageOfPage":{"@id":"https:\/\/frings.com\/fr\/entreprise\/mission-et-vision\/#primaryimage"},"image":{"@id":"https:\/\/frings.com\/fr\/entreprise\/mission-et-vision\/#primaryimage"},"thumbnailUrl":"https:\/\/frings.com\/wp-content\/uploads\/2020\/07\/menue-unternehmen-frings-leitbild-210x210px.jpg","datePublished":"2021-01-08T10:36:29+00:00","dateModified":"2021-01-08T10:43:12+00:00","breadcrumb":{"@id":"https:\/\/frings.com\/fr\/entreprise\/mission-et-vision\/#breadcrumb"},"inLanguage":"fr-FR","potentialAction":[{"@type":"ReadAction","target":["https:\/\/frings.com\/fr\/entreprise\/mission-et-vision\/"]}]},{"@type":"ImageObject","inLanguage":"fr-FR","@id":"https:\/\/frings.com\/fr\/entreprise\/mission-et-vision\/#primaryimage","url":"https:\/\/frings.com\/wp-content\/uploads\/2020\/07\/menue-unternehmen-frings-leitbild-210x210px.jpg","contentUrl":"https:\/\/frings.com\/wp-content\/uploads\/2020\/07\/menue-unternehmen-frings-leitbild-210x210px.jpg","width":210,"height":210},{"@type":"BreadcrumbList","@id":"https:\/\/frings.com\/fr\/entreprise\/mission-et-vision\/#breadcrumb","itemListElement":[{"@type":"ListItem","position":1,"name":"Startseite","item":"https:\/\/frings.com\/fr\/"},{"@type":"ListItem","position":2,"name":"ENTREPRISE","item":"https:\/\/frings.com\/fr\/entreprise\/"},{"@type":"ListItem","position":3,"name":"Mission et vision"}]},{"@type":"WebSite","@id":"https:\/\/frings.com\/#website","url":"https:\/\/frings.com\/","name":"frings","description":"Massarbeit made in Germany","publisher":{"@id":"https:\/\/frings.com\/#organization"},"potentialAction":[{"@type":"SearchAction","target":{"@type":"EntryPoint","urlTemplate":"https:\/\/frings.com\/?s={search_term_string}"},"query-input":{"@type":"PropertyValueSpecification","valueRequired":true,"valueName":"search_term_string"}}],"inLanguage":"fr-FR"},{"@type":"Organization","@id":"https:\/\/frings.com\/#organization","name":"Frings","url":"https:\/\/frings.com\/","logo":{"@type":"ImageObject","inLanguage":"fr-FR","@id":"https:\/\/frings.com\/#\/schema\/logo\/image\/","url":"https:\/\/frings.com\/wp-content\/uploads\/2019\/08\/logo.png","contentUrl":"https:\/\/frings.com\/wp-content\/uploads\/2019\/08\/logo.png","width":80,"height":80,"caption":"Frings"},"image":{"@id":"https:\/\/frings.com\/#\/schema\/logo\/image\/"}}]}},"_links":{"self":[{"href":"https:\/\/frings.com\/fr\/wp-json\/wp\/v2\/pages\/5260","targetHints":{"allow":["GET"]}}],"collection":[{"href":"https:\/\/frings.com\/fr\/wp-json\/wp\/v2\/pages"}],"about":[{"href":"https:\/\/frings.com\/fr\/wp-json\/wp\/v2\/types\/page"}],"author":[{"embeddable":true,"href":"https:\/\/frings.com\/fr\/wp-json\/wp\/v2\/users\/1"}],"replies":[{"embeddable":true,"href":"https:\/\/frings.com\/fr\/wp-json\/wp\/v2\/comments?post=5260"}],"version-history":[{"count":2,"href":"https:\/\/frings.com\/fr\/wp-json\/wp\/v2\/pages\/5260\/revisions"}],"predecessor-version":[{"id":5262,"href":"https:\/\/frings.com\/fr\/wp-json\/wp\/v2\/pages\/5260\/revisions\/5262"}],"up":[{"embeddable":true,"href":"https:\/\/frings.com\/fr\/wp-json\/wp\/v2\/pages\/5011"}],"wp:featuredmedia":[{"embeddable":true,"href":"https:\/\/frings.com\/fr\/wp-json\/wp\/v2\/media\/4122"}],"wp:attachment":[{"href":"https:\/\/frings.com\/fr\/wp-json\/wp\/v2\/media?parent=5260"}],"wp:term":[{"taxonomy":"branchen","embeddable":true,"href":"https:\/\/frings.com\/fr\/wp-json\/wp\/v2\/branchen?post=5260"}],"curies":[{"name":"wp","href":"https:\/\/api.w.org\/{rel}","templated":true}]}}