{"id":5243,"date":"2021-01-08T07:24:05","date_gmt":"2021-01-08T07:24:05","guid":{"rendered":"http:\/\/frings.com\/?page_id=5243"},"modified":"2025-09-24T21:34:33","modified_gmt":"2025-09-24T21:34:33","slug":"histoire-frings","status":"publish","type":"page","link":"https:\/\/frings.com\/fr\/entreprise\/histoire-frings\/","title":{"rendered":"Histoire FRINGS"},"content":{"rendered":"","protected":false},"excerpt":{"rendered":"<p>FRINGS a \u00e9t\u00e9 fond\u00e9e en 1878 par l&rsquo;entrepreneur Heinrich Frings comme entreprise de production de produits \u00e0 base de vinaigre \u00e0 Aix-la-Chapelle. Cependant, la soci\u00e9t\u00e9 s&rsquo;est rapidement transform\u00e9e en une entreprise technologique qui a fourni \u00e0 tous les march\u00e9s des \u00e9quipements de production et des consommables innovants.<\/p>\n","protected":false},"author":1,"featured_media":4301,"parent":5011,"menu_order":3,"comment_status":"closed","ping_status":"closed","template":"page_v_scroll.php","meta":{"_acf_changed":false,"footnotes":""},"branchen":[],"class_list":["post-5243","page","type-page","status-publish","has-post-thumbnail","hentry","wpautop"],"acf":[],"yoast_head":"<!-- This site is optimized with the Yoast SEO Premium plugin v26.0 (Yoast SEO v27.4) - https:\/\/yoast.com\/product\/yoast-seo-premium-wordpress\/ -->\n<title>L&#039;histoire de Frings depuis sa cr\u00e9ation en 1878<\/title>\n<meta name=\"description\" content=\"FRINGS a \u00e9t\u00e9 fond\u00e9e en 1878 par Heinrich Frings en tant que soci\u00e9t\u00e9 de production de produits \u00e0 base de vinaigre \u00e0 Aix-la-Chapelle.\" \/>\n<meta name=\"robots\" content=\"index, follow, max-snippet:-1, max-image-preview:large, max-video-preview:-1\" \/>\n<link rel=\"canonical\" href=\"https:\/\/frings.com\/fr\/entreprise\/histoire-frings\/\" \/>\n<meta property=\"og:locale\" content=\"fr_FR\" \/>\n<meta property=\"og:type\" content=\"article\" \/>\n<meta property=\"og:title\" content=\"Histoire FRINGS\" \/>\n<meta property=\"og:description\" content=\"FRINGS a \u00e9t\u00e9 fond\u00e9e en 1878 par Heinrich Frings en tant que soci\u00e9t\u00e9 de production de produits \u00e0 base de vinaigre \u00e0 Aix-la-Chapelle.\" \/>\n<meta property=\"og:url\" content=\"https:\/\/frings.com\/fr\/entreprise\/histoire-frings\/\" \/>\n<meta property=\"og:site_name\" content=\"frings\" \/>\n<meta property=\"article:modified_time\" content=\"2025-09-24T21:34:33+00:00\" \/>\n<meta property=\"og:image\" content=\"https:\/\/frings.com\/wp-content\/uploads\/2020\/07\/Heinrich-Frings-1-1.png\" \/>\n\t<meta property=\"og:image:width\" content=\"1508\" \/>\n\t<meta property=\"og:image:height\" content=\"1510\" \/>\n\t<meta property=\"og:image:type\" content=\"image\/png\" \/>\n<meta name=\"twitter:card\" content=\"summary_large_image\" \/>\n<meta name=\"twitter:label1\" content=\"Dur\u00e9e de lecture estim\u00e9e\" \/>\n\t<meta name=\"twitter:data1\" content=\"2 minutes\" \/>\n<script type=\"application\/ld+json\" class=\"yoast-schema-graph\">{\"@context\":\"https:\\\/\\\/schema.org\",\"@graph\":[{\"@type\":\"WebPage\",\"@id\":\"https:\\\/\\\/frings.com\\\/fr\\\/entreprise\\\/histoire-frings\\\/\",\"url\":\"https:\\\/\\\/frings.com\\\/fr\\\/entreprise\\\/histoire-frings\\\/\",\"name\":\"L'histoire de Frings depuis sa cr\u00e9ation en 1878\",\"isPartOf\":{\"@id\":\"https:\\\/\\\/frings.com\\\/#website\"},\"primaryImageOfPage\":{\"@id\":\"https:\\\/\\\/frings.com\\\/fr\\\/entreprise\\\/histoire-frings\\\/#primaryimage\"},\"image\":{\"@id\":\"https:\\\/\\\/frings.com\\\/fr\\\/entreprise\\\/histoire-frings\\\/#primaryimage\"},\"thumbnailUrl\":\"https:\\\/\\\/frings.com\\\/wp-content\\\/uploads\\\/2020\\\/07\\\/Heinrich-Frings-1-1.png\",\"datePublished\":\"2021-01-08T07:24:05+00:00\",\"dateModified\":\"2025-09-24T21:34:33+00:00\",\"description\":\"FRINGS a \u00e9t\u00e9 fond\u00e9e en 1878 par Heinrich Frings en tant que soci\u00e9t\u00e9 de production de produits \u00e0 base de vinaigre \u00e0 Aix-la-Chapelle.\",\"breadcrumb\":{\"@id\":\"https:\\\/\\\/frings.com\\\/fr\\\/entreprise\\\/histoire-frings\\\/#breadcrumb\"},\"inLanguage\":\"fr-FR\",\"potentialAction\":[{\"@type\":\"ReadAction\",\"target\":[\"https:\\\/\\\/frings.com\\\/fr\\\/entreprise\\\/histoire-frings\\\/\"]}]},{\"@type\":\"ImageObject\",\"inLanguage\":\"fr-FR\",\"@id\":\"https:\\\/\\\/frings.com\\\/fr\\\/entreprise\\\/histoire-frings\\\/#primaryimage\",\"url\":\"https:\\\/\\\/frings.com\\\/wp-content\\\/uploads\\\/2020\\\/07\\\/Heinrich-Frings-1-1.png\",\"contentUrl\":\"https:\\\/\\\/frings.com\\\/wp-content\\\/uploads\\\/2020\\\/07\\\/Heinrich-Frings-1-1.png\",\"width\":1508,\"height\":1510},{\"@type\":\"BreadcrumbList\",\"@id\":\"https:\\\/\\\/frings.com\\\/fr\\\/entreprise\\\/histoire-frings\\\/#breadcrumb\",\"itemListElement\":[{\"@type\":\"ListItem\",\"position\":1,\"name\":\"Startseite\",\"item\":\"https:\\\/\\\/frings.com\\\/fr\\\/\"},{\"@type\":\"ListItem\",\"position\":2,\"name\":\"ENTREPRISE\",\"item\":\"https:\\\/\\\/frings.com\\\/fr\\\/entreprise\\\/\"},{\"@type\":\"ListItem\",\"position\":3,\"name\":\"Histoire FRINGS\"}]},{\"@type\":\"WebSite\",\"@id\":\"https:\\\/\\\/frings.com\\\/#website\",\"url\":\"https:\\\/\\\/frings.com\\\/\",\"name\":\"frings\",\"description\":\"Massarbeit made in Germany\",\"publisher\":{\"@id\":\"https:\\\/\\\/frings.com\\\/#organization\"},\"potentialAction\":[{\"@type\":\"SearchAction\",\"target\":{\"@type\":\"EntryPoint\",\"urlTemplate\":\"https:\\\/\\\/frings.com\\\/?s={search_term_string}\"},\"query-input\":{\"@type\":\"PropertyValueSpecification\",\"valueRequired\":true,\"valueName\":\"search_term_string\"}}],\"inLanguage\":\"fr-FR\"},{\"@type\":\"Organization\",\"@id\":\"https:\\\/\\\/frings.com\\\/#organization\",\"name\":\"Frings\",\"url\":\"https:\\\/\\\/frings.com\\\/\",\"logo\":{\"@type\":\"ImageObject\",\"inLanguage\":\"fr-FR\",\"@id\":\"https:\\\/\\\/frings.com\\\/#\\\/schema\\\/logo\\\/image\\\/\",\"url\":\"https:\\\/\\\/frings.com\\\/wp-content\\\/uploads\\\/2019\\\/08\\\/logo.png\",\"contentUrl\":\"https:\\\/\\\/frings.com\\\/wp-content\\\/uploads\\\/2019\\\/08\\\/logo.png\",\"width\":80,\"height\":80,\"caption\":\"Frings\"},\"image\":{\"@id\":\"https:\\\/\\\/frings.com\\\/#\\\/schema\\\/logo\\\/image\\\/\"}}]}<\/script>\n<!-- \/ Yoast SEO Premium plugin. -->","yoast_head_json":{"title":"L'histoire de Frings depuis sa cr\u00e9ation en 1878","description":"FRINGS a \u00e9t\u00e9 fond\u00e9e en 1878 par Heinrich Frings en tant que soci\u00e9t\u00e9 de production de produits \u00e0 base de vinaigre \u00e0 Aix-la-Chapelle.","robots":{"index":"index","follow":"follow","max-snippet":"max-snippet:-1","max-image-preview":"max-image-preview:large","max-video-preview":"max-video-preview:-1"},"canonical":"https:\/\/frings.com\/fr\/entreprise\/histoire-frings\/","og_locale":"fr_FR","og_type":"article","og_title":"Histoire FRINGS","og_description":"FRINGS a \u00e9t\u00e9 fond\u00e9e en 1878 par Heinrich Frings en tant que soci\u00e9t\u00e9 de production de produits \u00e0 base de vinaigre \u00e0 Aix-la-Chapelle.","og_url":"https:\/\/frings.com\/fr\/entreprise\/histoire-frings\/","og_site_name":"frings","article_modified_time":"2025-09-24T21:34:33+00:00","og_image":[{"width":1508,"height":1510,"url":"https:\/\/frings.com\/wp-content\/uploads\/2020\/07\/Heinrich-Frings-1-1.png","type":"image\/png"}],"twitter_card":"summary_large_image","twitter_misc":{"Dur\u00e9e de lecture estim\u00e9e":"2 minutes"},"schema":{"@context":"https:\/\/schema.org","@graph":[{"@type":"WebPage","@id":"https:\/\/frings.com\/fr\/entreprise\/histoire-frings\/","url":"https:\/\/frings.com\/fr\/entreprise\/histoire-frings\/","name":"L'histoire de Frings depuis sa cr\u00e9ation en 1878","isPartOf":{"@id":"https:\/\/frings.com\/#website"},"primaryImageOfPage":{"@id":"https:\/\/frings.com\/fr\/entreprise\/histoire-frings\/#primaryimage"},"image":{"@id":"https:\/\/frings.com\/fr\/entreprise\/histoire-frings\/#primaryimage"},"thumbnailUrl":"https:\/\/frings.com\/wp-content\/uploads\/2020\/07\/Heinrich-Frings-1-1.png","datePublished":"2021-01-08T07:24:05+00:00","dateModified":"2025-09-24T21:34:33+00:00","description":"FRINGS a \u00e9t\u00e9 fond\u00e9e en 1878 par Heinrich Frings en tant que soci\u00e9t\u00e9 de production de produits \u00e0 base de vinaigre \u00e0 Aix-la-Chapelle.","breadcrumb":{"@id":"https:\/\/frings.com\/fr\/entreprise\/histoire-frings\/#breadcrumb"},"inLanguage":"fr-FR","potentialAction":[{"@type":"ReadAction","target":["https:\/\/frings.com\/fr\/entreprise\/histoire-frings\/"]}]},{"@type":"ImageObject","inLanguage":"fr-FR","@id":"https:\/\/frings.com\/fr\/entreprise\/histoire-frings\/#primaryimage","url":"https:\/\/frings.com\/wp-content\/uploads\/2020\/07\/Heinrich-Frings-1-1.png","contentUrl":"https:\/\/frings.com\/wp-content\/uploads\/2020\/07\/Heinrich-Frings-1-1.png","width":1508,"height":1510},{"@type":"BreadcrumbList","@id":"https:\/\/frings.com\/fr\/entreprise\/histoire-frings\/#breadcrumb","itemListElement":[{"@type":"ListItem","position":1,"name":"Startseite","item":"https:\/\/frings.com\/fr\/"},{"@type":"ListItem","position":2,"name":"ENTREPRISE","item":"https:\/\/frings.com\/fr\/entreprise\/"},{"@type":"ListItem","position":3,"name":"Histoire FRINGS"}]},{"@type":"WebSite","@id":"https:\/\/frings.com\/#website","url":"https:\/\/frings.com\/","name":"frings","description":"Massarbeit made in Germany","publisher":{"@id":"https:\/\/frings.com\/#organization"},"potentialAction":[{"@type":"SearchAction","target":{"@type":"EntryPoint","urlTemplate":"https:\/\/frings.com\/?s={search_term_string}"},"query-input":{"@type":"PropertyValueSpecification","valueRequired":true,"valueName":"search_term_string"}}],"inLanguage":"fr-FR"},{"@type":"Organization","@id":"https:\/\/frings.com\/#organization","name":"Frings","url":"https:\/\/frings.com\/","logo":{"@type":"ImageObject","inLanguage":"fr-FR","@id":"https:\/\/frings.com\/#\/schema\/logo\/image\/","url":"https:\/\/frings.com\/wp-content\/uploads\/2019\/08\/logo.png","contentUrl":"https:\/\/frings.com\/wp-content\/uploads\/2019\/08\/logo.png","width":80,"height":80,"caption":"Frings"},"image":{"@id":"https:\/\/frings.com\/#\/schema\/logo\/image\/"}}]}},"_links":{"self":[{"href":"https:\/\/frings.com\/fr\/wp-json\/wp\/v2\/pages\/5243","targetHints":{"allow":["GET"]}}],"collection":[{"href":"https:\/\/frings.com\/fr\/wp-json\/wp\/v2\/pages"}],"about":[{"href":"https:\/\/frings.com\/fr\/wp-json\/wp\/v2\/types\/page"}],"author":[{"embeddable":true,"href":"https:\/\/frings.com\/fr\/wp-json\/wp\/v2\/users\/1"}],"replies":[{"embeddable":true,"href":"https:\/\/frings.com\/fr\/wp-json\/wp\/v2\/comments?post=5243"}],"version-history":[{"count":9,"href":"https:\/\/frings.com\/fr\/wp-json\/wp\/v2\/pages\/5243\/revisions"}],"predecessor-version":[{"id":8373,"href":"https:\/\/frings.com\/fr\/wp-json\/wp\/v2\/pages\/5243\/revisions\/8373"}],"up":[{"embeddable":true,"href":"https:\/\/frings.com\/fr\/wp-json\/wp\/v2\/pages\/5011"}],"wp:featuredmedia":[{"embeddable":true,"href":"https:\/\/frings.com\/fr\/wp-json\/wp\/v2\/media\/4301"}],"wp:attachment":[{"href":"https:\/\/frings.com\/fr\/wp-json\/wp\/v2\/media?parent=5243"}],"wp:term":[{"taxonomy":"branchen","embeddable":true,"href":"https:\/\/frings.com\/fr\/wp-json\/wp\/v2\/branchen?post=5243"}],"curies":[{"name":"wp","href":"https:\/\/api.w.org\/{rel}","templated":true}]}}