{"id":636,"date":"2019-08-31T10:27:20","date_gmt":"2019-08-31T10:27:20","guid":{"rendered":"http:\/\/frings.com\/?page_id=636"},"modified":"2022-10-24T22:38:50","modified_gmt":"2022-10-24T22:38:50","slug":"636-2","status":"publish","type":"page","link":"https:\/\/frings.com\/es\/","title":{"rendered":""},"content":{"rendered":"<h1>Una breve descripci\u00f3n de Frings<\/h1>\n<p>Frings es una empresa alemana con ingenier\u00eda, fabricaci\u00f3n y servicio de laboratorio propios y suministra fermentadores, tambi\u00e9n conocidos como biorreactores, filtros y otra tecnolog\u00eda de planta para la tecnolog\u00eda de bioprocesos. Se desarrollan y comercializan plantas de laboratorio, plantas piloto y plantas a escala de producci\u00f3n. Para la producci\u00f3n de vinagre, Frings construye fermentadores de vinagre de tipo Acetator y, para la filtraci\u00f3n de vinagre, plantas basadas en el principio de filtraci\u00f3n de flujo cruzado. Las tecnolog\u00edas principales de estos sistemas incluyen aireadores de alto rendimiento con alta transferencia de masa gas-l\u00edquido para una r\u00e1pida fermentaci\u00f3n del vinagre y tecnolog\u00eda de automatizaci\u00f3n con una sonda de alcohol del tipo Alkosens. Al igual que todas las plantas alimentarias de Frings, las instalaciones para la fermentaci\u00f3n de etanol a vinagre est\u00e1n a la vanguardia de la ingenier\u00eda de bioprocesos y la tecnolog\u00eda de automatizaci\u00f3n.<\/p>\n<p>Frings tambi\u00e9n suministra plantas espec\u00edficas para el cliente para la fermentaci\u00f3n de levaduras, bebidas fermentadas y la fermentaci\u00f3n de aditivos alimentarios.<\/p>\n<p>Para la biotecnolog\u00eda, Frings suministra tecnolog\u00edas de bioproceso de \u00faltima generaci\u00f3n para procesos innovadores y tambi\u00e9n apoya a sus clientes en la transferencia de escala del laboratorio a la producci\u00f3n industrial (scale-up). Aqu\u00ed, la construcci\u00f3n de plantas est\u00e9riles, la tecnolog\u00eda de mezcla y gaseado en el reactor agitado, los sistemas de medios, la filtraci\u00f3n con sistemas de filtros de membrana y tambi\u00e9n los sistemas especiales en la construcci\u00f3n de plantas especiales son nuestras competencias principales. <\/p>\n","protected":false},"excerpt":{"rendered":"<p>Una breve descripci\u00f3n de Frings Frings es una empresa alemana con ingenier\u00eda, fabricaci\u00f3n y servicio de laboratorio propios y suministra fermentadores, tambi\u00e9n conocidos como biorreactores, filtros y otra tecnolog\u00eda de planta para la tecnolog\u00eda de bioprocesos. Se desarrollan y comercializan plantas de laboratorio, plantas piloto y plantas a escala de producci\u00f3n. Para la producci\u00f3n de [&hellip;]<\/p>\n","protected":false},"author":1,"featured_media":0,"parent":0,"menu_order":0,"comment_status":"closed","ping_status":"closed","template":"front-page.php","meta":{"_acf_changed":false,"footnotes":""},"branchen":[],"class_list":["post-636","page","type-page","status-publish","hentry","wpautop"],"acf":[],"yoast_head":"<!-- This site is optimized with the Yoast SEO Premium plugin v26.0 (Yoast SEO v27.3) - https:\/\/yoast.com\/product\/yoast-seo-premium-wordpress\/ -->\n<title>Una breve descripci\u00f3n de Frings<\/title>\n<meta name=\"description\" content=\"Frings es una empresa alemana con ingenier\u00eda, fabricaci\u00f3n y servicio de laboratorio propios y suministra fermentadores...\" \/>\n<meta name=\"robots\" content=\"index, follow, max-snippet:-1, max-image-preview:large, max-video-preview:-1\" \/>\n<link rel=\"canonical\" href=\"https:\/\/frings.com\/es\/\" \/>\n<meta property=\"og:locale\" content=\"es_ES\" \/>\n<meta property=\"og:type\" content=\"article\" \/>\n<meta property=\"og:description\" content=\"Frings es una empresa alemana con ingenier\u00eda, fabricaci\u00f3n y servicio de laboratorio propios y suministra fermentadores...\" \/>\n<meta property=\"og:url\" content=\"https:\/\/frings.com\/es\/\" \/>\n<meta property=\"og:site_name\" content=\"frings\" \/>\n<meta property=\"article:modified_time\" content=\"2022-10-24T22:38:50+00:00\" \/>\n<meta name=\"twitter:card\" content=\"summary_large_image\" \/>\n<meta name=\"twitter:label1\" content=\"Tiempo de lectura\" \/>\n\t<meta name=\"twitter:data1\" content=\"2 minutos\" \/>\n<script type=\"application\/ld+json\" class=\"yoast-schema-graph\">{\"@context\":\"https:\\\/\\\/schema.org\",\"@graph\":[{\"@type\":\"WebPage\",\"@id\":\"https:\\\/\\\/frings.com\\\/es\\\/\",\"url\":\"https:\\\/\\\/frings.com\\\/es\\\/\",\"name\":\"Una breve descripci\u00f3n de Frings\",\"isPartOf\":{\"@id\":\"https:\\\/\\\/frings.com\\\/#website\"},\"datePublished\":\"2019-08-31T10:27:20+00:00\",\"dateModified\":\"2022-10-24T22:38:50+00:00\",\"description\":\"Frings es una empresa alemana con ingenier\u00eda, fabricaci\u00f3n y servicio de laboratorio propios y suministra fermentadores...\",\"inLanguage\":\"es\",\"potentialAction\":[{\"@type\":\"ReadAction\",\"target\":[\"https:\\\/\\\/frings.com\\\/es\\\/\"]}]},{\"@type\":\"WebSite\",\"@id\":\"https:\\\/\\\/frings.com\\\/#website\",\"url\":\"https:\\\/\\\/frings.com\\\/\",\"name\":\"frings\",\"description\":\"Massarbeit made in Germany\",\"publisher\":{\"@id\":\"https:\\\/\\\/frings.com\\\/#organization\"},\"potentialAction\":[{\"@type\":\"SearchAction\",\"target\":{\"@type\":\"EntryPoint\",\"urlTemplate\":\"https:\\\/\\\/frings.com\\\/?s={search_term_string}\"},\"query-input\":{\"@type\":\"PropertyValueSpecification\",\"valueRequired\":true,\"valueName\":\"search_term_string\"}}],\"inLanguage\":\"es\"},{\"@type\":\"Organization\",\"@id\":\"https:\\\/\\\/frings.com\\\/#organization\",\"name\":\"Frings\",\"url\":\"https:\\\/\\\/frings.com\\\/\",\"logo\":{\"@type\":\"ImageObject\",\"inLanguage\":\"es\",\"@id\":\"https:\\\/\\\/frings.com\\\/#\\\/schema\\\/logo\\\/image\\\/\",\"url\":\"https:\\\/\\\/frings.com\\\/wp-content\\\/uploads\\\/2019\\\/08\\\/logo.png\",\"contentUrl\":\"https:\\\/\\\/frings.com\\\/wp-content\\\/uploads\\\/2019\\\/08\\\/logo.png\",\"width\":80,\"height\":80,\"caption\":\"Frings\"},\"image\":{\"@id\":\"https:\\\/\\\/frings.com\\\/#\\\/schema\\\/logo\\\/image\\\/\"}}]}<\/script>\n<!-- \/ Yoast SEO Premium plugin. -->","yoast_head_json":{"title":"Una breve descripci\u00f3n de Frings","description":"Frings es una empresa alemana con ingenier\u00eda, fabricaci\u00f3n y servicio de laboratorio propios y suministra fermentadores...","robots":{"index":"index","follow":"follow","max-snippet":"max-snippet:-1","max-image-preview":"max-image-preview:large","max-video-preview":"max-video-preview:-1"},"canonical":"https:\/\/frings.com\/es\/","og_locale":"es_ES","og_type":"article","og_description":"Frings es una empresa alemana con ingenier\u00eda, fabricaci\u00f3n y servicio de laboratorio propios y suministra fermentadores...","og_url":"https:\/\/frings.com\/es\/","og_site_name":"frings","article_modified_time":"2022-10-24T22:38:50+00:00","twitter_card":"summary_large_image","twitter_misc":{"Tiempo de lectura":"2 minutos"},"schema":{"@context":"https:\/\/schema.org","@graph":[{"@type":"WebPage","@id":"https:\/\/frings.com\/es\/","url":"https:\/\/frings.com\/es\/","name":"Una breve descripci\u00f3n de Frings","isPartOf":{"@id":"https:\/\/frings.com\/#website"},"datePublished":"2019-08-31T10:27:20+00:00","dateModified":"2022-10-24T22:38:50+00:00","description":"Frings es una empresa alemana con ingenier\u00eda, fabricaci\u00f3n y servicio de laboratorio propios y suministra fermentadores...","inLanguage":"es","potentialAction":[{"@type":"ReadAction","target":["https:\/\/frings.com\/es\/"]}]},{"@type":"WebSite","@id":"https:\/\/frings.com\/#website","url":"https:\/\/frings.com\/","name":"frings","description":"Massarbeit made in Germany","publisher":{"@id":"https:\/\/frings.com\/#organization"},"potentialAction":[{"@type":"SearchAction","target":{"@type":"EntryPoint","urlTemplate":"https:\/\/frings.com\/?s={search_term_string}"},"query-input":{"@type":"PropertyValueSpecification","valueRequired":true,"valueName":"search_term_string"}}],"inLanguage":"es"},{"@type":"Organization","@id":"https:\/\/frings.com\/#organization","name":"Frings","url":"https:\/\/frings.com\/","logo":{"@type":"ImageObject","inLanguage":"es","@id":"https:\/\/frings.com\/#\/schema\/logo\/image\/","url":"https:\/\/frings.com\/wp-content\/uploads\/2019\/08\/logo.png","contentUrl":"https:\/\/frings.com\/wp-content\/uploads\/2019\/08\/logo.png","width":80,"height":80,"caption":"Frings"},"image":{"@id":"https:\/\/frings.com\/#\/schema\/logo\/image\/"}}]}},"_links":{"self":[{"href":"https:\/\/frings.com\/es\/wp-json\/wp\/v2\/pages\/636","targetHints":{"allow":["GET"]}}],"collection":[{"href":"https:\/\/frings.com\/es\/wp-json\/wp\/v2\/pages"}],"about":[{"href":"https:\/\/frings.com\/es\/wp-json\/wp\/v2\/types\/page"}],"author":[{"embeddable":true,"href":"https:\/\/frings.com\/es\/wp-json\/wp\/v2\/users\/1"}],"replies":[{"embeddable":true,"href":"https:\/\/frings.com\/es\/wp-json\/wp\/v2\/comments?post=636"}],"version-history":[{"count":4,"href":"https:\/\/frings.com\/es\/wp-json\/wp\/v2\/pages\/636\/revisions"}],"predecessor-version":[{"id":8066,"href":"https:\/\/frings.com\/es\/wp-json\/wp\/v2\/pages\/636\/revisions\/8066"}],"wp:attachment":[{"href":"https:\/\/frings.com\/es\/wp-json\/wp\/v2\/media?parent=636"}],"wp:term":[{"taxonomy":"branchen","embeddable":true,"href":"https:\/\/frings.com\/es\/wp-json\/wp\/v2\/branchen?post=636"}],"curies":[{"name":"wp","href":"https:\/\/api.w.org\/{rel}","templated":true}]}}