{"id":5344,"date":"2021-01-12T22:56:36","date_gmt":"2021-01-12T22:56:36","guid":{"rendered":"http:\/\/frings.com\/industrias\/chemical-technology\/"},"modified":"2021-01-12T23:00:50","modified_gmt":"2021-01-12T23:00:50","slug":"chemical-technology","status":"publish","type":"page","link":"https:\/\/frings.com\/es\/industrias\/chemical-technology\/","title":{"rendered":"Tecnolog\u00eda qu\u00edmica"},"content":{"rendered":"","protected":false},"excerpt":{"rendered":"<p>En el sector de la \u00abTecnolog\u00eda Qu\u00edmica\u00bb, FRINGS se ha especializado en el desarrollo de soluciones de sistemas para plantas industriales peque\u00f1as y medianas en el sector de procesos, utilizando unidades y componentes de plantas de comprobada eficacia.<\/p>\n","protected":false},"author":1,"featured_media":2932,"parent":5287,"menu_order":27,"comment_status":"closed","ping_status":"closed","template":"page.php","meta":{"_acf_changed":false,"footnotes":""},"branchen":[125],"class_list":["post-5344","page","type-page","status-publish","has-post-thumbnail","hentry","branchen-chemietechnik-es","wpautop"],"acf":[],"yoast_head":"<!-- This site is optimized with the Yoast SEO Premium plugin v26.0 (Yoast SEO v27.4) - https:\/\/yoast.com\/product\/yoast-seo-premium-wordpress\/ -->\n<title>Tecnolog\u00eda qu\u00edmica - frings<\/title>\n<meta name=\"robots\" content=\"index, follow, max-snippet:-1, max-image-preview:large, max-video-preview:-1\" \/>\n<link rel=\"canonical\" href=\"https:\/\/frings.com\/es\/industrias\/chemical-technology\/\" \/>\n<meta property=\"og:locale\" content=\"es_ES\" \/>\n<meta property=\"og:type\" content=\"article\" \/>\n<meta property=\"og:title\" content=\"Tecnolog\u00eda qu\u00edmica\" \/>\n<meta property=\"og:description\" content=\"En el sector de la &quot;Tecnolog\u00eda Qu\u00edmica&quot;, FRINGS se ha especializado en el desarrollo de soluciones de sistemas para plantas industriales peque\u00f1as y medianas en el sector de procesos, utilizando unidades y componentes de plantas de comprobada eficacia.\" \/>\n<meta property=\"og:url\" content=\"https:\/\/frings.com\/es\/industrias\/chemical-technology\/\" \/>\n<meta property=\"og:site_name\" content=\"frings\" \/>\n<meta property=\"article:modified_time\" content=\"2021-01-12T23:00:50+00:00\" \/>\n<meta property=\"og:image\" content=\"https:\/\/frings.com\/wp-content\/uploads\/2020\/03\/start-frings-chemietechnik-300x300.jpg\" \/>\n\t<meta property=\"og:image:width\" content=\"300\" \/>\n\t<meta property=\"og:image:height\" content=\"300\" \/>\n\t<meta property=\"og:image:type\" content=\"image\/jpeg\" \/>\n<meta name=\"twitter:card\" content=\"summary_large_image\" \/>\n<script type=\"application\/ld+json\" class=\"yoast-schema-graph\">{\"@context\":\"https:\\\/\\\/schema.org\",\"@graph\":[{\"@type\":\"WebPage\",\"@id\":\"https:\\\/\\\/frings.com\\\/es\\\/industrias\\\/chemical-technology\\\/\",\"url\":\"https:\\\/\\\/frings.com\\\/es\\\/industrias\\\/chemical-technology\\\/\",\"name\":\"Tecnolog\u00eda qu\u00edmica - frings\",\"isPartOf\":{\"@id\":\"https:\\\/\\\/frings.com\\\/#website\"},\"primaryImageOfPage\":{\"@id\":\"https:\\\/\\\/frings.com\\\/es\\\/industrias\\\/chemical-technology\\\/#primaryimage\"},\"image\":{\"@id\":\"https:\\\/\\\/frings.com\\\/es\\\/industrias\\\/chemical-technology\\\/#primaryimage\"},\"thumbnailUrl\":\"https:\\\/\\\/frings.com\\\/wp-content\\\/uploads\\\/2020\\\/03\\\/start-frings-chemietechnik-300x300.jpg\",\"datePublished\":\"2021-01-12T22:56:36+00:00\",\"dateModified\":\"2021-01-12T23:00:50+00:00\",\"breadcrumb\":{\"@id\":\"https:\\\/\\\/frings.com\\\/es\\\/industrias\\\/chemical-technology\\\/#breadcrumb\"},\"inLanguage\":\"es\",\"potentialAction\":[{\"@type\":\"ReadAction\",\"target\":[\"https:\\\/\\\/frings.com\\\/es\\\/industrias\\\/chemical-technology\\\/\"]}]},{\"@type\":\"ImageObject\",\"inLanguage\":\"es\",\"@id\":\"https:\\\/\\\/frings.com\\\/es\\\/industrias\\\/chemical-technology\\\/#primaryimage\",\"url\":\"https:\\\/\\\/frings.com\\\/wp-content\\\/uploads\\\/2020\\\/03\\\/start-frings-chemietechnik-300x300.jpg\",\"contentUrl\":\"https:\\\/\\\/frings.com\\\/wp-content\\\/uploads\\\/2020\\\/03\\\/start-frings-chemietechnik-300x300.jpg\",\"width\":300,\"height\":300},{\"@type\":\"BreadcrumbList\",\"@id\":\"https:\\\/\\\/frings.com\\\/es\\\/industrias\\\/chemical-technology\\\/#breadcrumb\",\"itemListElement\":[{\"@type\":\"ListItem\",\"position\":1,\"name\":\"Startseite\",\"item\":\"https:\\\/\\\/frings.com\\\/es\\\/\"},{\"@type\":\"ListItem\",\"position\":2,\"name\":\"Industrias\",\"item\":\"https:\\\/\\\/frings.com\\\/es\\\/industrias\\\/\"},{\"@type\":\"ListItem\",\"position\":3,\"name\":\"Tecnolog\u00eda qu\u00edmica\"}]},{\"@type\":\"WebSite\",\"@id\":\"https:\\\/\\\/frings.com\\\/#website\",\"url\":\"https:\\\/\\\/frings.com\\\/\",\"name\":\"frings\",\"description\":\"Massarbeit made in Germany\",\"publisher\":{\"@id\":\"https:\\\/\\\/frings.com\\\/#organization\"},\"potentialAction\":[{\"@type\":\"SearchAction\",\"target\":{\"@type\":\"EntryPoint\",\"urlTemplate\":\"https:\\\/\\\/frings.com\\\/?s={search_term_string}\"},\"query-input\":{\"@type\":\"PropertyValueSpecification\",\"valueRequired\":true,\"valueName\":\"search_term_string\"}}],\"inLanguage\":\"es\"},{\"@type\":\"Organization\",\"@id\":\"https:\\\/\\\/frings.com\\\/#organization\",\"name\":\"Frings\",\"url\":\"https:\\\/\\\/frings.com\\\/\",\"logo\":{\"@type\":\"ImageObject\",\"inLanguage\":\"es\",\"@id\":\"https:\\\/\\\/frings.com\\\/#\\\/schema\\\/logo\\\/image\\\/\",\"url\":\"https:\\\/\\\/frings.com\\\/wp-content\\\/uploads\\\/2019\\\/08\\\/logo.png\",\"contentUrl\":\"https:\\\/\\\/frings.com\\\/wp-content\\\/uploads\\\/2019\\\/08\\\/logo.png\",\"width\":80,\"height\":80,\"caption\":\"Frings\"},\"image\":{\"@id\":\"https:\\\/\\\/frings.com\\\/#\\\/schema\\\/logo\\\/image\\\/\"}}]}<\/script>\n<!-- \/ Yoast SEO Premium plugin. -->","yoast_head_json":{"title":"Tecnolog\u00eda qu\u00edmica - frings","robots":{"index":"index","follow":"follow","max-snippet":"max-snippet:-1","max-image-preview":"max-image-preview:large","max-video-preview":"max-video-preview:-1"},"canonical":"https:\/\/frings.com\/es\/industrias\/chemical-technology\/","og_locale":"es_ES","og_type":"article","og_title":"Tecnolog\u00eda qu\u00edmica","og_description":"En el sector de la \"Tecnolog\u00eda Qu\u00edmica\", FRINGS se ha especializado en el desarrollo de soluciones de sistemas para plantas industriales peque\u00f1as y medianas en el sector de procesos, utilizando unidades y componentes de plantas de comprobada eficacia.","og_url":"https:\/\/frings.com\/es\/industrias\/chemical-technology\/","og_site_name":"frings","article_modified_time":"2021-01-12T23:00:50+00:00","og_image":[{"width":300,"height":300,"url":"https:\/\/frings.com\/wp-content\/uploads\/2020\/03\/start-frings-chemietechnik-300x300.jpg","type":"image\/jpeg"}],"twitter_card":"summary_large_image","schema":{"@context":"https:\/\/schema.org","@graph":[{"@type":"WebPage","@id":"https:\/\/frings.com\/es\/industrias\/chemical-technology\/","url":"https:\/\/frings.com\/es\/industrias\/chemical-technology\/","name":"Tecnolog\u00eda qu\u00edmica - frings","isPartOf":{"@id":"https:\/\/frings.com\/#website"},"primaryImageOfPage":{"@id":"https:\/\/frings.com\/es\/industrias\/chemical-technology\/#primaryimage"},"image":{"@id":"https:\/\/frings.com\/es\/industrias\/chemical-technology\/#primaryimage"},"thumbnailUrl":"https:\/\/frings.com\/wp-content\/uploads\/2020\/03\/start-frings-chemietechnik-300x300.jpg","datePublished":"2021-01-12T22:56:36+00:00","dateModified":"2021-01-12T23:00:50+00:00","breadcrumb":{"@id":"https:\/\/frings.com\/es\/industrias\/chemical-technology\/#breadcrumb"},"inLanguage":"es","potentialAction":[{"@type":"ReadAction","target":["https:\/\/frings.com\/es\/industrias\/chemical-technology\/"]}]},{"@type":"ImageObject","inLanguage":"es","@id":"https:\/\/frings.com\/es\/industrias\/chemical-technology\/#primaryimage","url":"https:\/\/frings.com\/wp-content\/uploads\/2020\/03\/start-frings-chemietechnik-300x300.jpg","contentUrl":"https:\/\/frings.com\/wp-content\/uploads\/2020\/03\/start-frings-chemietechnik-300x300.jpg","width":300,"height":300},{"@type":"BreadcrumbList","@id":"https:\/\/frings.com\/es\/industrias\/chemical-technology\/#breadcrumb","itemListElement":[{"@type":"ListItem","position":1,"name":"Startseite","item":"https:\/\/frings.com\/es\/"},{"@type":"ListItem","position":2,"name":"Industrias","item":"https:\/\/frings.com\/es\/industrias\/"},{"@type":"ListItem","position":3,"name":"Tecnolog\u00eda qu\u00edmica"}]},{"@type":"WebSite","@id":"https:\/\/frings.com\/#website","url":"https:\/\/frings.com\/","name":"frings","description":"Massarbeit made in Germany","publisher":{"@id":"https:\/\/frings.com\/#organization"},"potentialAction":[{"@type":"SearchAction","target":{"@type":"EntryPoint","urlTemplate":"https:\/\/frings.com\/?s={search_term_string}"},"query-input":{"@type":"PropertyValueSpecification","valueRequired":true,"valueName":"search_term_string"}}],"inLanguage":"es"},{"@type":"Organization","@id":"https:\/\/frings.com\/#organization","name":"Frings","url":"https:\/\/frings.com\/","logo":{"@type":"ImageObject","inLanguage":"es","@id":"https:\/\/frings.com\/#\/schema\/logo\/image\/","url":"https:\/\/frings.com\/wp-content\/uploads\/2019\/08\/logo.png","contentUrl":"https:\/\/frings.com\/wp-content\/uploads\/2019\/08\/logo.png","width":80,"height":80,"caption":"Frings"},"image":{"@id":"https:\/\/frings.com\/#\/schema\/logo\/image\/"}}]}},"_links":{"self":[{"href":"https:\/\/frings.com\/es\/wp-json\/wp\/v2\/pages\/5344","targetHints":{"allow":["GET"]}}],"collection":[{"href":"https:\/\/frings.com\/es\/wp-json\/wp\/v2\/pages"}],"about":[{"href":"https:\/\/frings.com\/es\/wp-json\/wp\/v2\/types\/page"}],"author":[{"embeddable":true,"href":"https:\/\/frings.com\/es\/wp-json\/wp\/v2\/users\/1"}],"replies":[{"embeddable":true,"href":"https:\/\/frings.com\/es\/wp-json\/wp\/v2\/comments?post=5344"}],"version-history":[{"count":1,"href":"https:\/\/frings.com\/es\/wp-json\/wp\/v2\/pages\/5344\/revisions"}],"predecessor-version":[{"id":5347,"href":"https:\/\/frings.com\/es\/wp-json\/wp\/v2\/pages\/5344\/revisions\/5347"}],"up":[{"embeddable":true,"href":"https:\/\/frings.com\/es\/wp-json\/wp\/v2\/pages\/5287"}],"wp:featuredmedia":[{"embeddable":true,"href":"https:\/\/frings.com\/es\/wp-json\/wp\/v2\/media\/2932"}],"wp:attachment":[{"href":"https:\/\/frings.com\/es\/wp-json\/wp\/v2\/media?parent=5344"}],"wp:term":[{"taxonomy":"branchen","embeddable":true,"href":"https:\/\/frings.com\/es\/wp-json\/wp\/v2\/branchen?post=5344"}],"curies":[{"name":"wp","href":"https:\/\/api.w.org\/{rel}","templated":true}]}}