{"id":5306,"date":"2021-01-11T22:07:39","date_gmt":"2021-01-11T22:07:39","guid":{"rendered":"http:\/\/frings.com\/?page_id=5306"},"modified":"2022-10-25T16:57:54","modified_gmt":"2022-10-25T16:57:54","slug":"soluciones-que-marcan-tendencia-para-su-eficaz-produccion-de-vinagre","status":"publish","type":"page","link":"https:\/\/frings.com\/es\/industrias\/soluciones-que-marcan-tendencia-para-su-eficaz-produccion-de-vinagre\/","title":{"rendered":"SOLUCIONES QUE MARCAN TENDENCIA PARA SU EFICAZ PRODUCCI\u00d3N DE VINAGRE"},"content":{"rendered":"","protected":false},"excerpt":{"rendered":"<p>FRINGS ha desarrollado todas las importantes tecnolog\u00edas de proceso innovadoras para la producci\u00f3n de vinagre.<\/p>\n","protected":false},"author":1,"featured_media":4950,"parent":5287,"menu_order":24,"comment_status":"closed","ping_status":"closed","template":"page_v_scroll.php","meta":{"_acf_changed":false,"footnotes":""},"branchen":[131],"class_list":["post-5306","page","type-page","status-publish","has-post-thumbnail","hentry","branchen-tecnologia-de-vinagre","wpautop"],"acf":[],"yoast_head":"<!-- This site is optimized with the Yoast SEO Premium plugin v26.0 (Yoast SEO v27.3) - https:\/\/yoast.com\/product\/yoast-seo-premium-wordpress\/ -->\n<title>SOLUCIONES QUE MARCAN TENDENCIA ....<\/title>\n<meta name=\"description\" content=\"FRINGS desarrolla y vende procesos y tecnolog\u00eda de plantas para la producci\u00f3n industrial de vinagre desde hace m\u00e1s de un siglo.\" \/>\n<meta name=\"robots\" content=\"index, follow, max-snippet:-1, max-image-preview:large, max-video-preview:-1\" \/>\n<link rel=\"canonical\" href=\"https:\/\/frings.com\/es\/industrias\/soluciones-que-marcan-tendencia-para-su-eficaz-produccion-de-vinagre\/\" \/>\n<meta property=\"og:locale\" content=\"es_ES\" \/>\n<meta property=\"og:type\" content=\"article\" \/>\n<meta property=\"og:title\" content=\"SOLUCIONES QUE MARCAN TENDENCIA PARA SU EFICAZ PRODUCCI\u00d3N DE VINAGRE\" \/>\n<meta property=\"og:description\" content=\"FRINGS desarrolla y vende procesos y tecnolog\u00eda de plantas para la producci\u00f3n industrial de vinagre desde hace m\u00e1s de un siglo.\" \/>\n<meta property=\"og:url\" content=\"https:\/\/frings.com\/es\/industrias\/soluciones-que-marcan-tendencia-para-su-eficaz-produccion-de-vinagre\/\" \/>\n<meta property=\"og:site_name\" content=\"frings\" \/>\n<meta property=\"article:modified_time\" content=\"2022-10-25T16:57:54+00:00\" \/>\n<meta property=\"og:image\" content=\"https:\/\/frings.com\/wp-content\/uploads\/2020\/10\/start-frings-essigtechnik-300x300-1.jpg\" \/>\n\t<meta property=\"og:image:width\" content=\"300\" \/>\n\t<meta property=\"og:image:height\" content=\"300\" \/>\n\t<meta property=\"og:image:type\" content=\"image\/jpeg\" \/>\n<meta name=\"twitter:card\" content=\"summary_large_image\" \/>\n<script type=\"application\/ld+json\" class=\"yoast-schema-graph\">{\"@context\":\"https:\\\/\\\/schema.org\",\"@graph\":[{\"@type\":\"WebPage\",\"@id\":\"https:\\\/\\\/frings.com\\\/es\\\/industrias\\\/soluciones-que-marcan-tendencia-para-su-eficaz-produccion-de-vinagre\\\/\",\"url\":\"https:\\\/\\\/frings.com\\\/es\\\/industrias\\\/soluciones-que-marcan-tendencia-para-su-eficaz-produccion-de-vinagre\\\/\",\"name\":\"SOLUCIONES QUE MARCAN TENDENCIA ....\",\"isPartOf\":{\"@id\":\"https:\\\/\\\/frings.com\\\/#website\"},\"primaryImageOfPage\":{\"@id\":\"https:\\\/\\\/frings.com\\\/es\\\/industrias\\\/soluciones-que-marcan-tendencia-para-su-eficaz-produccion-de-vinagre\\\/#primaryimage\"},\"image\":{\"@id\":\"https:\\\/\\\/frings.com\\\/es\\\/industrias\\\/soluciones-que-marcan-tendencia-para-su-eficaz-produccion-de-vinagre\\\/#primaryimage\"},\"thumbnailUrl\":\"https:\\\/\\\/frings.com\\\/wp-content\\\/uploads\\\/2020\\\/10\\\/start-frings-essigtechnik-300x300-1.jpg\",\"datePublished\":\"2021-01-11T22:07:39+00:00\",\"dateModified\":\"2022-10-25T16:57:54+00:00\",\"description\":\"FRINGS desarrolla y vende procesos y tecnolog\u00eda de plantas para la producci\u00f3n industrial de vinagre desde hace m\u00e1s de un siglo.\",\"breadcrumb\":{\"@id\":\"https:\\\/\\\/frings.com\\\/es\\\/industrias\\\/soluciones-que-marcan-tendencia-para-su-eficaz-produccion-de-vinagre\\\/#breadcrumb\"},\"inLanguage\":\"es\",\"potentialAction\":[{\"@type\":\"ReadAction\",\"target\":[\"https:\\\/\\\/frings.com\\\/es\\\/industrias\\\/soluciones-que-marcan-tendencia-para-su-eficaz-produccion-de-vinagre\\\/\"]}]},{\"@type\":\"ImageObject\",\"inLanguage\":\"es\",\"@id\":\"https:\\\/\\\/frings.com\\\/es\\\/industrias\\\/soluciones-que-marcan-tendencia-para-su-eficaz-produccion-de-vinagre\\\/#primaryimage\",\"url\":\"https:\\\/\\\/frings.com\\\/wp-content\\\/uploads\\\/2020\\\/10\\\/start-frings-essigtechnik-300x300-1.jpg\",\"contentUrl\":\"https:\\\/\\\/frings.com\\\/wp-content\\\/uploads\\\/2020\\\/10\\\/start-frings-essigtechnik-300x300-1.jpg\",\"width\":300,\"height\":300},{\"@type\":\"BreadcrumbList\",\"@id\":\"https:\\\/\\\/frings.com\\\/es\\\/industrias\\\/soluciones-que-marcan-tendencia-para-su-eficaz-produccion-de-vinagre\\\/#breadcrumb\",\"itemListElement\":[{\"@type\":\"ListItem\",\"position\":1,\"name\":\"Startseite\",\"item\":\"https:\\\/\\\/frings.com\\\/es\\\/\"},{\"@type\":\"ListItem\",\"position\":2,\"name\":\"Industrias\",\"item\":\"https:\\\/\\\/frings.com\\\/es\\\/industrias\\\/\"},{\"@type\":\"ListItem\",\"position\":3,\"name\":\"SOLUCIONES QUE MARCAN TENDENCIA PARA SU EFICAZ PRODUCCI\u00d3N DE VINAGRE\"}]},{\"@type\":\"WebSite\",\"@id\":\"https:\\\/\\\/frings.com\\\/#website\",\"url\":\"https:\\\/\\\/frings.com\\\/\",\"name\":\"frings\",\"description\":\"Massarbeit made in Germany\",\"publisher\":{\"@id\":\"https:\\\/\\\/frings.com\\\/#organization\"},\"potentialAction\":[{\"@type\":\"SearchAction\",\"target\":{\"@type\":\"EntryPoint\",\"urlTemplate\":\"https:\\\/\\\/frings.com\\\/?s={search_term_string}\"},\"query-input\":{\"@type\":\"PropertyValueSpecification\",\"valueRequired\":true,\"valueName\":\"search_term_string\"}}],\"inLanguage\":\"es\"},{\"@type\":\"Organization\",\"@id\":\"https:\\\/\\\/frings.com\\\/#organization\",\"name\":\"Frings\",\"url\":\"https:\\\/\\\/frings.com\\\/\",\"logo\":{\"@type\":\"ImageObject\",\"inLanguage\":\"es\",\"@id\":\"https:\\\/\\\/frings.com\\\/#\\\/schema\\\/logo\\\/image\\\/\",\"url\":\"https:\\\/\\\/frings.com\\\/wp-content\\\/uploads\\\/2019\\\/08\\\/logo.png\",\"contentUrl\":\"https:\\\/\\\/frings.com\\\/wp-content\\\/uploads\\\/2019\\\/08\\\/logo.png\",\"width\":80,\"height\":80,\"caption\":\"Frings\"},\"image\":{\"@id\":\"https:\\\/\\\/frings.com\\\/#\\\/schema\\\/logo\\\/image\\\/\"}}]}<\/script>\n<!-- \/ Yoast SEO Premium plugin. -->","yoast_head_json":{"title":"SOLUCIONES QUE MARCAN TENDENCIA ....","description":"FRINGS desarrolla y vende procesos y tecnolog\u00eda de plantas para la producci\u00f3n industrial de vinagre desde hace m\u00e1s de un siglo.","robots":{"index":"index","follow":"follow","max-snippet":"max-snippet:-1","max-image-preview":"max-image-preview:large","max-video-preview":"max-video-preview:-1"},"canonical":"https:\/\/frings.com\/es\/industrias\/soluciones-que-marcan-tendencia-para-su-eficaz-produccion-de-vinagre\/","og_locale":"es_ES","og_type":"article","og_title":"SOLUCIONES QUE MARCAN TENDENCIA PARA SU EFICAZ PRODUCCI\u00d3N DE VINAGRE","og_description":"FRINGS desarrolla y vende procesos y tecnolog\u00eda de plantas para la producci\u00f3n industrial de vinagre desde hace m\u00e1s de un siglo.","og_url":"https:\/\/frings.com\/es\/industrias\/soluciones-que-marcan-tendencia-para-su-eficaz-produccion-de-vinagre\/","og_site_name":"frings","article_modified_time":"2022-10-25T16:57:54+00:00","og_image":[{"width":300,"height":300,"url":"https:\/\/frings.com\/wp-content\/uploads\/2020\/10\/start-frings-essigtechnik-300x300-1.jpg","type":"image\/jpeg"}],"twitter_card":"summary_large_image","schema":{"@context":"https:\/\/schema.org","@graph":[{"@type":"WebPage","@id":"https:\/\/frings.com\/es\/industrias\/soluciones-que-marcan-tendencia-para-su-eficaz-produccion-de-vinagre\/","url":"https:\/\/frings.com\/es\/industrias\/soluciones-que-marcan-tendencia-para-su-eficaz-produccion-de-vinagre\/","name":"SOLUCIONES QUE MARCAN TENDENCIA ....","isPartOf":{"@id":"https:\/\/frings.com\/#website"},"primaryImageOfPage":{"@id":"https:\/\/frings.com\/es\/industrias\/soluciones-que-marcan-tendencia-para-su-eficaz-produccion-de-vinagre\/#primaryimage"},"image":{"@id":"https:\/\/frings.com\/es\/industrias\/soluciones-que-marcan-tendencia-para-su-eficaz-produccion-de-vinagre\/#primaryimage"},"thumbnailUrl":"https:\/\/frings.com\/wp-content\/uploads\/2020\/10\/start-frings-essigtechnik-300x300-1.jpg","datePublished":"2021-01-11T22:07:39+00:00","dateModified":"2022-10-25T16:57:54+00:00","description":"FRINGS desarrolla y vende procesos y tecnolog\u00eda de plantas para la producci\u00f3n industrial de vinagre desde hace m\u00e1s de un siglo.","breadcrumb":{"@id":"https:\/\/frings.com\/es\/industrias\/soluciones-que-marcan-tendencia-para-su-eficaz-produccion-de-vinagre\/#breadcrumb"},"inLanguage":"es","potentialAction":[{"@type":"ReadAction","target":["https:\/\/frings.com\/es\/industrias\/soluciones-que-marcan-tendencia-para-su-eficaz-produccion-de-vinagre\/"]}]},{"@type":"ImageObject","inLanguage":"es","@id":"https:\/\/frings.com\/es\/industrias\/soluciones-que-marcan-tendencia-para-su-eficaz-produccion-de-vinagre\/#primaryimage","url":"https:\/\/frings.com\/wp-content\/uploads\/2020\/10\/start-frings-essigtechnik-300x300-1.jpg","contentUrl":"https:\/\/frings.com\/wp-content\/uploads\/2020\/10\/start-frings-essigtechnik-300x300-1.jpg","width":300,"height":300},{"@type":"BreadcrumbList","@id":"https:\/\/frings.com\/es\/industrias\/soluciones-que-marcan-tendencia-para-su-eficaz-produccion-de-vinagre\/#breadcrumb","itemListElement":[{"@type":"ListItem","position":1,"name":"Startseite","item":"https:\/\/frings.com\/es\/"},{"@type":"ListItem","position":2,"name":"Industrias","item":"https:\/\/frings.com\/es\/industrias\/"},{"@type":"ListItem","position":3,"name":"SOLUCIONES QUE MARCAN TENDENCIA PARA SU EFICAZ PRODUCCI\u00d3N DE VINAGRE"}]},{"@type":"WebSite","@id":"https:\/\/frings.com\/#website","url":"https:\/\/frings.com\/","name":"frings","description":"Massarbeit made in Germany","publisher":{"@id":"https:\/\/frings.com\/#organization"},"potentialAction":[{"@type":"SearchAction","target":{"@type":"EntryPoint","urlTemplate":"https:\/\/frings.com\/?s={search_term_string}"},"query-input":{"@type":"PropertyValueSpecification","valueRequired":true,"valueName":"search_term_string"}}],"inLanguage":"es"},{"@type":"Organization","@id":"https:\/\/frings.com\/#organization","name":"Frings","url":"https:\/\/frings.com\/","logo":{"@type":"ImageObject","inLanguage":"es","@id":"https:\/\/frings.com\/#\/schema\/logo\/image\/","url":"https:\/\/frings.com\/wp-content\/uploads\/2019\/08\/logo.png","contentUrl":"https:\/\/frings.com\/wp-content\/uploads\/2019\/08\/logo.png","width":80,"height":80,"caption":"Frings"},"image":{"@id":"https:\/\/frings.com\/#\/schema\/logo\/image\/"}}]}},"_links":{"self":[{"href":"https:\/\/frings.com\/es\/wp-json\/wp\/v2\/pages\/5306","targetHints":{"allow":["GET"]}}],"collection":[{"href":"https:\/\/frings.com\/es\/wp-json\/wp\/v2\/pages"}],"about":[{"href":"https:\/\/frings.com\/es\/wp-json\/wp\/v2\/types\/page"}],"author":[{"embeddable":true,"href":"https:\/\/frings.com\/es\/wp-json\/wp\/v2\/users\/1"}],"replies":[{"embeddable":true,"href":"https:\/\/frings.com\/es\/wp-json\/wp\/v2\/comments?post=5306"}],"version-history":[{"count":3,"href":"https:\/\/frings.com\/es\/wp-json\/wp\/v2\/pages\/5306\/revisions"}],"predecessor-version":[{"id":5309,"href":"https:\/\/frings.com\/es\/wp-json\/wp\/v2\/pages\/5306\/revisions\/5309"}],"up":[{"embeddable":true,"href":"https:\/\/frings.com\/es\/wp-json\/wp\/v2\/pages\/5287"}],"wp:featuredmedia":[{"embeddable":true,"href":"https:\/\/frings.com\/es\/wp-json\/wp\/v2\/media\/4950"}],"wp:attachment":[{"href":"https:\/\/frings.com\/es\/wp-json\/wp\/v2\/media?parent=5306"}],"wp:term":[{"taxonomy":"branchen","embeddable":true,"href":"https:\/\/frings.com\/es\/wp-json\/wp\/v2\/branchen?post=5306"}],"curies":[{"name":"wp","href":"https:\/\/api.w.org\/{rel}","templated":true}]}}