{"id":5246,"date":"2021-01-08T07:27:30","date_gmt":"2021-01-08T07:27:30","guid":{"rendered":"http:\/\/frings.com\/?page_id=5246"},"modified":"2025-09-24T21:36:15","modified_gmt":"2025-09-24T21:36:15","slug":"fringos-historia","status":"publish","type":"page","link":"https:\/\/frings.com\/es\/compania\/fringos-historia\/","title":{"rendered":"FRINGOS Historia"},"content":{"rendered":"","protected":false},"excerpt":{"rendered":"<p>FRINGS fue fundada en 1878 por el empresario Heinrich Frings como una compa\u00f1\u00eda de producci\u00f3n de productos de vinagre en Aquisgr\u00e1n. Pero, la empresa se transform\u00f3 r\u00e1pidamente en una empresa de tecnolog\u00eda que suministraba a toda la industria equipos de producci\u00f3n y consumibles innovadores.<\/p>\n","protected":false},"author":1,"featured_media":4303,"parent":5012,"menu_order":3,"comment_status":"closed","ping_status":"closed","template":"page_v_scroll.php","meta":{"_acf_changed":false,"footnotes":""},"branchen":[],"class_list":["post-5246","page","type-page","status-publish","has-post-thumbnail","hentry","wpautop"],"acf":[],"yoast_head":"<!-- This site is optimized with the Yoast SEO Premium plugin v26.0 (Yoast SEO v27.3) - https:\/\/yoast.com\/product\/yoast-seo-premium-wordpress\/ -->\n<title>La historia de Frings desde su fundaci\u00f3n en 1878<\/title>\n<meta name=\"description\" content=\"FRINGS fue fundada en 1878 por Heinrich Frings como una compa\u00f1\u00eda de producci\u00f3n de productos de vinagre en Aquisgr\u00e1n.\" \/>\n<meta name=\"robots\" content=\"index, follow, max-snippet:-1, max-image-preview:large, max-video-preview:-1\" \/>\n<link rel=\"canonical\" href=\"https:\/\/frings.com\/es\/compania\/fringos-historia\/\" \/>\n<meta property=\"og:locale\" content=\"es_ES\" \/>\n<meta property=\"og:type\" content=\"article\" \/>\n<meta property=\"og:title\" content=\"FRINGOS Historia\" \/>\n<meta property=\"og:description\" content=\"FRINGS fue fundada en 1878 por Heinrich Frings como una compa\u00f1\u00eda de producci\u00f3n de productos de vinagre en Aquisgr\u00e1n.\" \/>\n<meta property=\"og:url\" content=\"https:\/\/frings.com\/es\/compania\/fringos-historia\/\" \/>\n<meta property=\"og:site_name\" content=\"frings\" \/>\n<meta property=\"article:modified_time\" content=\"2025-09-24T21:36:15+00:00\" \/>\n<meta property=\"og:image\" content=\"https:\/\/frings.com\/wp-content\/uploads\/2020\/07\/Heinrich-Frings-1-1.png\" \/>\n\t<meta property=\"og:image:width\" content=\"1508\" \/>\n\t<meta property=\"og:image:height\" content=\"1510\" \/>\n\t<meta property=\"og:image:type\" content=\"image\/png\" \/>\n<meta name=\"twitter:card\" content=\"summary_large_image\" \/>\n<meta name=\"twitter:label1\" content=\"Tiempo de lectura\" \/>\n\t<meta name=\"twitter:data1\" content=\"2 minutos\" \/>\n<script type=\"application\/ld+json\" class=\"yoast-schema-graph\">{\"@context\":\"https:\\\/\\\/schema.org\",\"@graph\":[{\"@type\":\"WebPage\",\"@id\":\"https:\\\/\\\/frings.com\\\/es\\\/compania\\\/fringos-historia\\\/\",\"url\":\"https:\\\/\\\/frings.com\\\/es\\\/compania\\\/fringos-historia\\\/\",\"name\":\"La historia de Frings desde su fundaci\u00f3n en 1878\",\"isPartOf\":{\"@id\":\"https:\\\/\\\/frings.com\\\/#website\"},\"primaryImageOfPage\":{\"@id\":\"https:\\\/\\\/frings.com\\\/es\\\/compania\\\/fringos-historia\\\/#primaryimage\"},\"image\":{\"@id\":\"https:\\\/\\\/frings.com\\\/es\\\/compania\\\/fringos-historia\\\/#primaryimage\"},\"thumbnailUrl\":\"https:\\\/\\\/frings.com\\\/wp-content\\\/uploads\\\/2020\\\/07\\\/Heinrich-Frings-1-1.png\",\"datePublished\":\"2021-01-08T07:27:30+00:00\",\"dateModified\":\"2025-09-24T21:36:15+00:00\",\"description\":\"FRINGS fue fundada en 1878 por Heinrich Frings como una compa\u00f1\u00eda de producci\u00f3n de productos de vinagre en Aquisgr\u00e1n.\",\"breadcrumb\":{\"@id\":\"https:\\\/\\\/frings.com\\\/es\\\/compania\\\/fringos-historia\\\/#breadcrumb\"},\"inLanguage\":\"es\",\"potentialAction\":[{\"@type\":\"ReadAction\",\"target\":[\"https:\\\/\\\/frings.com\\\/es\\\/compania\\\/fringos-historia\\\/\"]}]},{\"@type\":\"ImageObject\",\"inLanguage\":\"es\",\"@id\":\"https:\\\/\\\/frings.com\\\/es\\\/compania\\\/fringos-historia\\\/#primaryimage\",\"url\":\"https:\\\/\\\/frings.com\\\/wp-content\\\/uploads\\\/2020\\\/07\\\/Heinrich-Frings-1-1.png\",\"contentUrl\":\"https:\\\/\\\/frings.com\\\/wp-content\\\/uploads\\\/2020\\\/07\\\/Heinrich-Frings-1-1.png\",\"width\":1508,\"height\":1510},{\"@type\":\"BreadcrumbList\",\"@id\":\"https:\\\/\\\/frings.com\\\/es\\\/compania\\\/fringos-historia\\\/#breadcrumb\",\"itemListElement\":[{\"@type\":\"ListItem\",\"position\":1,\"name\":\"Startseite\",\"item\":\"https:\\\/\\\/frings.com\\\/es\\\/\"},{\"@type\":\"ListItem\",\"position\":2,\"name\":\"Compa\u00f1\u00eda\",\"item\":\"https:\\\/\\\/frings.com\\\/es\\\/compania\\\/\"},{\"@type\":\"ListItem\",\"position\":3,\"name\":\"FRINGOS Historia\"}]},{\"@type\":\"WebSite\",\"@id\":\"https:\\\/\\\/frings.com\\\/#website\",\"url\":\"https:\\\/\\\/frings.com\\\/\",\"name\":\"frings\",\"description\":\"Massarbeit made in Germany\",\"publisher\":{\"@id\":\"https:\\\/\\\/frings.com\\\/#organization\"},\"potentialAction\":[{\"@type\":\"SearchAction\",\"target\":{\"@type\":\"EntryPoint\",\"urlTemplate\":\"https:\\\/\\\/frings.com\\\/?s={search_term_string}\"},\"query-input\":{\"@type\":\"PropertyValueSpecification\",\"valueRequired\":true,\"valueName\":\"search_term_string\"}}],\"inLanguage\":\"es\"},{\"@type\":\"Organization\",\"@id\":\"https:\\\/\\\/frings.com\\\/#organization\",\"name\":\"Frings\",\"url\":\"https:\\\/\\\/frings.com\\\/\",\"logo\":{\"@type\":\"ImageObject\",\"inLanguage\":\"es\",\"@id\":\"https:\\\/\\\/frings.com\\\/#\\\/schema\\\/logo\\\/image\\\/\",\"url\":\"https:\\\/\\\/frings.com\\\/wp-content\\\/uploads\\\/2019\\\/08\\\/logo.png\",\"contentUrl\":\"https:\\\/\\\/frings.com\\\/wp-content\\\/uploads\\\/2019\\\/08\\\/logo.png\",\"width\":80,\"height\":80,\"caption\":\"Frings\"},\"image\":{\"@id\":\"https:\\\/\\\/frings.com\\\/#\\\/schema\\\/logo\\\/image\\\/\"}}]}<\/script>\n<!-- \/ Yoast SEO Premium plugin. -->","yoast_head_json":{"title":"La historia de Frings desde su fundaci\u00f3n en 1878","description":"FRINGS fue fundada en 1878 por Heinrich Frings como una compa\u00f1\u00eda de producci\u00f3n de productos de vinagre en Aquisgr\u00e1n.","robots":{"index":"index","follow":"follow","max-snippet":"max-snippet:-1","max-image-preview":"max-image-preview:large","max-video-preview":"max-video-preview:-1"},"canonical":"https:\/\/frings.com\/es\/compania\/fringos-historia\/","og_locale":"es_ES","og_type":"article","og_title":"FRINGOS Historia","og_description":"FRINGS fue fundada en 1878 por Heinrich Frings como una compa\u00f1\u00eda de producci\u00f3n de productos de vinagre en Aquisgr\u00e1n.","og_url":"https:\/\/frings.com\/es\/compania\/fringos-historia\/","og_site_name":"frings","article_modified_time":"2025-09-24T21:36:15+00:00","og_image":[{"width":1508,"height":1510,"url":"https:\/\/frings.com\/wp-content\/uploads\/2020\/07\/Heinrich-Frings-1-1.png","type":"image\/png"}],"twitter_card":"summary_large_image","twitter_misc":{"Tiempo de lectura":"2 minutos"},"schema":{"@context":"https:\/\/schema.org","@graph":[{"@type":"WebPage","@id":"https:\/\/frings.com\/es\/compania\/fringos-historia\/","url":"https:\/\/frings.com\/es\/compania\/fringos-historia\/","name":"La historia de Frings desde su fundaci\u00f3n en 1878","isPartOf":{"@id":"https:\/\/frings.com\/#website"},"primaryImageOfPage":{"@id":"https:\/\/frings.com\/es\/compania\/fringos-historia\/#primaryimage"},"image":{"@id":"https:\/\/frings.com\/es\/compania\/fringos-historia\/#primaryimage"},"thumbnailUrl":"https:\/\/frings.com\/wp-content\/uploads\/2020\/07\/Heinrich-Frings-1-1.png","datePublished":"2021-01-08T07:27:30+00:00","dateModified":"2025-09-24T21:36:15+00:00","description":"FRINGS fue fundada en 1878 por Heinrich Frings como una compa\u00f1\u00eda de producci\u00f3n de productos de vinagre en Aquisgr\u00e1n.","breadcrumb":{"@id":"https:\/\/frings.com\/es\/compania\/fringos-historia\/#breadcrumb"},"inLanguage":"es","potentialAction":[{"@type":"ReadAction","target":["https:\/\/frings.com\/es\/compania\/fringos-historia\/"]}]},{"@type":"ImageObject","inLanguage":"es","@id":"https:\/\/frings.com\/es\/compania\/fringos-historia\/#primaryimage","url":"https:\/\/frings.com\/wp-content\/uploads\/2020\/07\/Heinrich-Frings-1-1.png","contentUrl":"https:\/\/frings.com\/wp-content\/uploads\/2020\/07\/Heinrich-Frings-1-1.png","width":1508,"height":1510},{"@type":"BreadcrumbList","@id":"https:\/\/frings.com\/es\/compania\/fringos-historia\/#breadcrumb","itemListElement":[{"@type":"ListItem","position":1,"name":"Startseite","item":"https:\/\/frings.com\/es\/"},{"@type":"ListItem","position":2,"name":"Compa\u00f1\u00eda","item":"https:\/\/frings.com\/es\/compania\/"},{"@type":"ListItem","position":3,"name":"FRINGOS Historia"}]},{"@type":"WebSite","@id":"https:\/\/frings.com\/#website","url":"https:\/\/frings.com\/","name":"frings","description":"Massarbeit made in Germany","publisher":{"@id":"https:\/\/frings.com\/#organization"},"potentialAction":[{"@type":"SearchAction","target":{"@type":"EntryPoint","urlTemplate":"https:\/\/frings.com\/?s={search_term_string}"},"query-input":{"@type":"PropertyValueSpecification","valueRequired":true,"valueName":"search_term_string"}}],"inLanguage":"es"},{"@type":"Organization","@id":"https:\/\/frings.com\/#organization","name":"Frings","url":"https:\/\/frings.com\/","logo":{"@type":"ImageObject","inLanguage":"es","@id":"https:\/\/frings.com\/#\/schema\/logo\/image\/","url":"https:\/\/frings.com\/wp-content\/uploads\/2019\/08\/logo.png","contentUrl":"https:\/\/frings.com\/wp-content\/uploads\/2019\/08\/logo.png","width":80,"height":80,"caption":"Frings"},"image":{"@id":"https:\/\/frings.com\/#\/schema\/logo\/image\/"}}]}},"_links":{"self":[{"href":"https:\/\/frings.com\/es\/wp-json\/wp\/v2\/pages\/5246","targetHints":{"allow":["GET"]}}],"collection":[{"href":"https:\/\/frings.com\/es\/wp-json\/wp\/v2\/pages"}],"about":[{"href":"https:\/\/frings.com\/es\/wp-json\/wp\/v2\/types\/page"}],"author":[{"embeddable":true,"href":"https:\/\/frings.com\/es\/wp-json\/wp\/v2\/users\/1"}],"replies":[{"embeddable":true,"href":"https:\/\/frings.com\/es\/wp-json\/wp\/v2\/comments?post=5246"}],"version-history":[{"count":7,"href":"https:\/\/frings.com\/es\/wp-json\/wp\/v2\/pages\/5246\/revisions"}],"predecessor-version":[{"id":8374,"href":"https:\/\/frings.com\/es\/wp-json\/wp\/v2\/pages\/5246\/revisions\/8374"}],"up":[{"embeddable":true,"href":"https:\/\/frings.com\/es\/wp-json\/wp\/v2\/pages\/5012"}],"wp:featuredmedia":[{"embeddable":true,"href":"https:\/\/frings.com\/es\/wp-json\/wp\/v2\/media\/4303"}],"wp:attachment":[{"href":"https:\/\/frings.com\/es\/wp-json\/wp\/v2\/media?parent=5246"}],"wp:term":[{"taxonomy":"branchen","embeddable":true,"href":"https:\/\/frings.com\/es\/wp-json\/wp\/v2\/branchen?post=5246"}],"curies":[{"name":"wp","href":"https:\/\/api.w.org\/{rel}","templated":true}]}}