{"id":5232,"date":"2021-01-08T00:41:26","date_gmt":"2021-01-08T00:41:26","guid":{"rendered":"http:\/\/frings.com\/?page_id=5232"},"modified":"2023-01-14T09:41:50","modified_gmt":"2023-01-14T09:41:50","slug":"el-especialista-internacional-en-tecnologia-de-fermentacion","status":"publish","type":"page","link":"https:\/\/frings.com\/es\/compania\/el-especialista-internacional-en-tecnologia-de-fermentacion\/","title":{"rendered":"EL ESPECIALISTA INTERNACIONAL EN TECNOLOG\u00cdA DE FERMENTACI\u00d3N"},"content":{"rendered":"","protected":false},"excerpt":{"rendered":"<p>Frings es una moderna empresa de tecnolog\u00eda dirigida por sus propietarios con una tradici\u00f3n que se remonta al a\u00f1o 1878.<\/p>\n","protected":false},"author":1,"featured_media":450,"parent":5012,"menu_order":2,"comment_status":"closed","ping_status":"closed","template":"page.php","meta":{"_acf_changed":false,"footnotes":""},"branchen":[],"class_list":["post-5232","page","type-page","status-publish","has-post-thumbnail","hentry","wpautop"],"acf":[],"yoast_head":"<!-- This site is optimized with the Yoast SEO Premium plugin v26.0 (Yoast SEO v27.4) - https:\/\/yoast.com\/product\/yoast-seo-premium-wordpress\/ -->\n<title>EL ESPECIALISTA EN TECNOLOG\u00cdA DE FERMENTACI\u00d3N<\/title>\n<meta name=\"description\" content=\"Frings suministra a clientes de todo el mundo m\u00e1quinas, plantas y aparatos para la tecnolog\u00eda de procesos en los sectores de la ....\" \/>\n<meta name=\"robots\" content=\"index, follow, max-snippet:-1, max-image-preview:large, max-video-preview:-1\" \/>\n<link rel=\"canonical\" href=\"https:\/\/frings.com\/es\/compania\/el-especialista-internacional-en-tecnologia-de-fermentacion\/\" \/>\n<meta property=\"og:locale\" content=\"es_ES\" \/>\n<meta property=\"og:type\" content=\"article\" \/>\n<meta property=\"og:title\" content=\"EL ESPECIALISTA INTERNACIONAL EN TECNOLOG\u00cdA DE FERMENTACI\u00d3N\" \/>\n<meta property=\"og:description\" content=\"Frings suministra a clientes de todo el mundo m\u00e1quinas, plantas y aparatos para la tecnolog\u00eda de procesos en los sectores de la ....\" \/>\n<meta property=\"og:url\" content=\"https:\/\/frings.com\/es\/compania\/el-especialista-internacional-en-tecnologia-de-fermentacion\/\" \/>\n<meta property=\"og:site_name\" content=\"frings\" \/>\n<meta property=\"article:modified_time\" content=\"2023-01-14T09:41:50+00:00\" \/>\n<meta property=\"og:image\" content=\"https:\/\/frings.com\/wp-content\/uploads\/2019\/08\/unternehmen-historie-frings-umzug-neues-werk-rheinbach-2017-210x210px.jpg\" \/>\n\t<meta property=\"og:image:width\" content=\"210\" \/>\n\t<meta property=\"og:image:height\" content=\"210\" \/>\n\t<meta property=\"og:image:type\" content=\"image\/jpeg\" \/>\n<meta name=\"twitter:card\" content=\"summary_large_image\" \/>\n<script type=\"application\/ld+json\" class=\"yoast-schema-graph\">{\"@context\":\"https:\\\/\\\/schema.org\",\"@graph\":[{\"@type\":\"WebPage\",\"@id\":\"https:\\\/\\\/frings.com\\\/es\\\/compania\\\/el-especialista-internacional-en-tecnologia-de-fermentacion\\\/\",\"url\":\"https:\\\/\\\/frings.com\\\/es\\\/compania\\\/el-especialista-internacional-en-tecnologia-de-fermentacion\\\/\",\"name\":\"EL ESPECIALISTA EN TECNOLOG\u00cdA DE FERMENTACI\u00d3N\",\"isPartOf\":{\"@id\":\"https:\\\/\\\/frings.com\\\/#website\"},\"primaryImageOfPage\":{\"@id\":\"https:\\\/\\\/frings.com\\\/es\\\/compania\\\/el-especialista-internacional-en-tecnologia-de-fermentacion\\\/#primaryimage\"},\"image\":{\"@id\":\"https:\\\/\\\/frings.com\\\/es\\\/compania\\\/el-especialista-internacional-en-tecnologia-de-fermentacion\\\/#primaryimage\"},\"thumbnailUrl\":\"https:\\\/\\\/frings.com\\\/wp-content\\\/uploads\\\/2019\\\/08\\\/unternehmen-historie-frings-umzug-neues-werk-rheinbach-2017-210x210px.jpg\",\"datePublished\":\"2021-01-08T00:41:26+00:00\",\"dateModified\":\"2023-01-14T09:41:50+00:00\",\"description\":\"Frings suministra a clientes de todo el mundo m\u00e1quinas, plantas y aparatos para la tecnolog\u00eda de procesos en los sectores de la ....\",\"breadcrumb\":{\"@id\":\"https:\\\/\\\/frings.com\\\/es\\\/compania\\\/el-especialista-internacional-en-tecnologia-de-fermentacion\\\/#breadcrumb\"},\"inLanguage\":\"es\",\"potentialAction\":[{\"@type\":\"ReadAction\",\"target\":[\"https:\\\/\\\/frings.com\\\/es\\\/compania\\\/el-especialista-internacional-en-tecnologia-de-fermentacion\\\/\"]}]},{\"@type\":\"ImageObject\",\"inLanguage\":\"es\",\"@id\":\"https:\\\/\\\/frings.com\\\/es\\\/compania\\\/el-especialista-internacional-en-tecnologia-de-fermentacion\\\/#primaryimage\",\"url\":\"https:\\\/\\\/frings.com\\\/wp-content\\\/uploads\\\/2019\\\/08\\\/unternehmen-historie-frings-umzug-neues-werk-rheinbach-2017-210x210px.jpg\",\"contentUrl\":\"https:\\\/\\\/frings.com\\\/wp-content\\\/uploads\\\/2019\\\/08\\\/unternehmen-historie-frings-umzug-neues-werk-rheinbach-2017-210x210px.jpg\",\"width\":210,\"height\":210},{\"@type\":\"BreadcrumbList\",\"@id\":\"https:\\\/\\\/frings.com\\\/es\\\/compania\\\/el-especialista-internacional-en-tecnologia-de-fermentacion\\\/#breadcrumb\",\"itemListElement\":[{\"@type\":\"ListItem\",\"position\":1,\"name\":\"Startseite\",\"item\":\"https:\\\/\\\/frings.com\\\/es\\\/\"},{\"@type\":\"ListItem\",\"position\":2,\"name\":\"Compa\u00f1\u00eda\",\"item\":\"https:\\\/\\\/frings.com\\\/es\\\/compania\\\/\"},{\"@type\":\"ListItem\",\"position\":3,\"name\":\"EL ESPECIALISTA INTERNACIONAL EN TECNOLOG\u00cdA DE FERMENTACI\u00d3N\"}]},{\"@type\":\"WebSite\",\"@id\":\"https:\\\/\\\/frings.com\\\/#website\",\"url\":\"https:\\\/\\\/frings.com\\\/\",\"name\":\"frings\",\"description\":\"Massarbeit made in Germany\",\"publisher\":{\"@id\":\"https:\\\/\\\/frings.com\\\/#organization\"},\"potentialAction\":[{\"@type\":\"SearchAction\",\"target\":{\"@type\":\"EntryPoint\",\"urlTemplate\":\"https:\\\/\\\/frings.com\\\/?s={search_term_string}\"},\"query-input\":{\"@type\":\"PropertyValueSpecification\",\"valueRequired\":true,\"valueName\":\"search_term_string\"}}],\"inLanguage\":\"es\"},{\"@type\":\"Organization\",\"@id\":\"https:\\\/\\\/frings.com\\\/#organization\",\"name\":\"Frings\",\"url\":\"https:\\\/\\\/frings.com\\\/\",\"logo\":{\"@type\":\"ImageObject\",\"inLanguage\":\"es\",\"@id\":\"https:\\\/\\\/frings.com\\\/#\\\/schema\\\/logo\\\/image\\\/\",\"url\":\"https:\\\/\\\/frings.com\\\/wp-content\\\/uploads\\\/2019\\\/08\\\/logo.png\",\"contentUrl\":\"https:\\\/\\\/frings.com\\\/wp-content\\\/uploads\\\/2019\\\/08\\\/logo.png\",\"width\":80,\"height\":80,\"caption\":\"Frings\"},\"image\":{\"@id\":\"https:\\\/\\\/frings.com\\\/#\\\/schema\\\/logo\\\/image\\\/\"}}]}<\/script>\n<!-- \/ Yoast SEO Premium plugin. -->","yoast_head_json":{"title":"EL ESPECIALISTA EN TECNOLOG\u00cdA DE FERMENTACI\u00d3N","description":"Frings suministra a clientes de todo el mundo m\u00e1quinas, plantas y aparatos para la tecnolog\u00eda de procesos en los sectores de la ....","robots":{"index":"index","follow":"follow","max-snippet":"max-snippet:-1","max-image-preview":"max-image-preview:large","max-video-preview":"max-video-preview:-1"},"canonical":"https:\/\/frings.com\/es\/compania\/el-especialista-internacional-en-tecnologia-de-fermentacion\/","og_locale":"es_ES","og_type":"article","og_title":"EL ESPECIALISTA INTERNACIONAL EN TECNOLOG\u00cdA DE FERMENTACI\u00d3N","og_description":"Frings suministra a clientes de todo el mundo m\u00e1quinas, plantas y aparatos para la tecnolog\u00eda de procesos en los sectores de la ....","og_url":"https:\/\/frings.com\/es\/compania\/el-especialista-internacional-en-tecnologia-de-fermentacion\/","og_site_name":"frings","article_modified_time":"2023-01-14T09:41:50+00:00","og_image":[{"width":210,"height":210,"url":"https:\/\/frings.com\/wp-content\/uploads\/2019\/08\/unternehmen-historie-frings-umzug-neues-werk-rheinbach-2017-210x210px.jpg","type":"image\/jpeg"}],"twitter_card":"summary_large_image","schema":{"@context":"https:\/\/schema.org","@graph":[{"@type":"WebPage","@id":"https:\/\/frings.com\/es\/compania\/el-especialista-internacional-en-tecnologia-de-fermentacion\/","url":"https:\/\/frings.com\/es\/compania\/el-especialista-internacional-en-tecnologia-de-fermentacion\/","name":"EL ESPECIALISTA EN TECNOLOG\u00cdA DE FERMENTACI\u00d3N","isPartOf":{"@id":"https:\/\/frings.com\/#website"},"primaryImageOfPage":{"@id":"https:\/\/frings.com\/es\/compania\/el-especialista-internacional-en-tecnologia-de-fermentacion\/#primaryimage"},"image":{"@id":"https:\/\/frings.com\/es\/compania\/el-especialista-internacional-en-tecnologia-de-fermentacion\/#primaryimage"},"thumbnailUrl":"https:\/\/frings.com\/wp-content\/uploads\/2019\/08\/unternehmen-historie-frings-umzug-neues-werk-rheinbach-2017-210x210px.jpg","datePublished":"2021-01-08T00:41:26+00:00","dateModified":"2023-01-14T09:41:50+00:00","description":"Frings suministra a clientes de todo el mundo m\u00e1quinas, plantas y aparatos para la tecnolog\u00eda de procesos en los sectores de la ....","breadcrumb":{"@id":"https:\/\/frings.com\/es\/compania\/el-especialista-internacional-en-tecnologia-de-fermentacion\/#breadcrumb"},"inLanguage":"es","potentialAction":[{"@type":"ReadAction","target":["https:\/\/frings.com\/es\/compania\/el-especialista-internacional-en-tecnologia-de-fermentacion\/"]}]},{"@type":"ImageObject","inLanguage":"es","@id":"https:\/\/frings.com\/es\/compania\/el-especialista-internacional-en-tecnologia-de-fermentacion\/#primaryimage","url":"https:\/\/frings.com\/wp-content\/uploads\/2019\/08\/unternehmen-historie-frings-umzug-neues-werk-rheinbach-2017-210x210px.jpg","contentUrl":"https:\/\/frings.com\/wp-content\/uploads\/2019\/08\/unternehmen-historie-frings-umzug-neues-werk-rheinbach-2017-210x210px.jpg","width":210,"height":210},{"@type":"BreadcrumbList","@id":"https:\/\/frings.com\/es\/compania\/el-especialista-internacional-en-tecnologia-de-fermentacion\/#breadcrumb","itemListElement":[{"@type":"ListItem","position":1,"name":"Startseite","item":"https:\/\/frings.com\/es\/"},{"@type":"ListItem","position":2,"name":"Compa\u00f1\u00eda","item":"https:\/\/frings.com\/es\/compania\/"},{"@type":"ListItem","position":3,"name":"EL ESPECIALISTA INTERNACIONAL EN TECNOLOG\u00cdA DE FERMENTACI\u00d3N"}]},{"@type":"WebSite","@id":"https:\/\/frings.com\/#website","url":"https:\/\/frings.com\/","name":"frings","description":"Massarbeit made in Germany","publisher":{"@id":"https:\/\/frings.com\/#organization"},"potentialAction":[{"@type":"SearchAction","target":{"@type":"EntryPoint","urlTemplate":"https:\/\/frings.com\/?s={search_term_string}"},"query-input":{"@type":"PropertyValueSpecification","valueRequired":true,"valueName":"search_term_string"}}],"inLanguage":"es"},{"@type":"Organization","@id":"https:\/\/frings.com\/#organization","name":"Frings","url":"https:\/\/frings.com\/","logo":{"@type":"ImageObject","inLanguage":"es","@id":"https:\/\/frings.com\/#\/schema\/logo\/image\/","url":"https:\/\/frings.com\/wp-content\/uploads\/2019\/08\/logo.png","contentUrl":"https:\/\/frings.com\/wp-content\/uploads\/2019\/08\/logo.png","width":80,"height":80,"caption":"Frings"},"image":{"@id":"https:\/\/frings.com\/#\/schema\/logo\/image\/"}}]}},"_links":{"self":[{"href":"https:\/\/frings.com\/es\/wp-json\/wp\/v2\/pages\/5232","targetHints":{"allow":["GET"]}}],"collection":[{"href":"https:\/\/frings.com\/es\/wp-json\/wp\/v2\/pages"}],"about":[{"href":"https:\/\/frings.com\/es\/wp-json\/wp\/v2\/types\/page"}],"author":[{"embeddable":true,"href":"https:\/\/frings.com\/es\/wp-json\/wp\/v2\/users\/1"}],"replies":[{"embeddable":true,"href":"https:\/\/frings.com\/es\/wp-json\/wp\/v2\/comments?post=5232"}],"version-history":[{"count":4,"href":"https:\/\/frings.com\/es\/wp-json\/wp\/v2\/pages\/5232\/revisions"}],"predecessor-version":[{"id":6821,"href":"https:\/\/frings.com\/es\/wp-json\/wp\/v2\/pages\/5232\/revisions\/6821"}],"up":[{"embeddable":true,"href":"https:\/\/frings.com\/es\/wp-json\/wp\/v2\/pages\/5012"}],"wp:featuredmedia":[{"embeddable":true,"href":"https:\/\/frings.com\/es\/wp-json\/wp\/v2\/media\/450"}],"wp:attachment":[{"href":"https:\/\/frings.com\/es\/wp-json\/wp\/v2\/media?parent=5232"}],"wp:term":[{"taxonomy":"branchen","embeddable":true,"href":"https:\/\/frings.com\/es\/wp-json\/wp\/v2\/branchen?post=5232"}],"curies":[{"name":"wp","href":"https:\/\/api.w.org\/{rel}","templated":true}]}}